{"id":9064,"date":"2025-02-10T13:59:29","date_gmt":"2025-02-10T13:59:29","guid":{"rendered":"https:\/\/georgia-horizon.eu\/?page_id=9064"},"modified":"2025-02-18T19:01:47","modified_gmt":"2025-02-18T19:01:47","slug":"institouto-agrotikis-kai-synetairistikis-oikonomias-inaso-paseges","status":"publish","type":"page","link":"https:\/\/georgia-horizon.eu\/nl\/partners\/institouto-agrotikis-kai-synetairistikis-oikonomias-inaso-paseges\/","title":{"rendered":"INSTITOUTO AGROTIKIS KAI SYNETAIRISTIKIS OIKONOMIAS INASO PASEGES"},"content":{"rendered":"<div data-elementor-type=\"wp-page\" data-elementor-id=\"9064\" class=\"elementor elementor-9064\" data-elementor-post-type=\"page\">\n\t\t\t\t<div class=\"elementor-element elementor-element-4d51f92 e-flex e-con-boxed sc_layouts_column_icons_position_left e-con e-parent\" data-id=\"4d51f92\" data-element_type=\"container\">\n\t\t\t\t\t<div class=\"e-con-inner\">\n\t\t<div class=\"elementor-element elementor-element-9558622 e-con-full e-flex sc_layouts_column_icons_position_left e-con e-child\" data-id=\"9558622\" data-element_type=\"container\">\n\t\t\t\t<div class=\"elementor-element elementor-element-ef373f1 sc_fly_static elementor-widget elementor-widget-image\" data-id=\"ef373f1\" data-element_type=\"widget\" data-widget_type=\"image.default\">\n\t\t\t\t<div class=\"elementor-widget-container\">\n\t\t\t\t\t\t\t\t\t\t\t\t\t\t\t<img fetchpriority=\"high\" decoding=\"async\" width=\"500\" height=\"500\" src=\"https:\/\/georgia-horizon.eu\/wp-content\/uploads\/2025\/01\/06.inaso_.jpg\" class=\"attachment-large size-large wp-image-8019\" alt=\"\" srcset=\"https:\/\/georgia-horizon.eu\/wp-content\/uploads\/2025\/01\/06.inaso_.jpg 500w, https:\/\/georgia-horizon.eu\/wp-content\/uploads\/2025\/01\/06.inaso_-300x300.jpg 300w, https:\/\/georgia-horizon.eu\/wp-content\/uploads\/2025\/01\/06.inaso_-150x150.jpg 150w, https:\/\/georgia-horizon.eu\/wp-content\/uploads\/2025\/01\/06.inaso_-370x370.jpg 370w, https:\/\/georgia-horizon.eu\/wp-content\/uploads\/2025\/01\/06.inaso_-120x120.jpg 120w, https:\/\/georgia-horizon.eu\/wp-content\/uploads\/2025\/01\/06.inaso_-410x410.jpg 410w\" sizes=\"(max-width: 600px) 100vw, 500px\" \/>\t\t\t\t\t\t\t\t\t\t\t\t\t\t\t<\/div>\n\t\t\t\t<\/div>\n\t\t\t\t<\/div>\n\t\t<div class=\"elementor-element elementor-element-89c5ffc e-con-full e-flex sc_layouts_column_icons_position_left e-con e-child\" data-id=\"89c5ffc\" data-element_type=\"container\">\n\t\t\t\t<div class=\"elementor-element elementor-element-1bd2a54 elementor-icon-list--layout-traditional elementor-list-item-link-full_width sc_fly_static elementor-widget elementor-widget-icon-list\" data-id=\"1bd2a54\" data-element_type=\"widget\" data-widget_type=\"icon-list.default\">\n\t\t\t\t<div class=\"elementor-widget-container\">\n\t\t\t\t\t\t\t<ul class=\"elementor-icon-list-items\">\n\t\t\t\t\t\t\t<li class=\"elementor-icon-list-item\">\n\t\t\t\t\t\t\t\t\t\t\t<span class=\"elementor-icon-list-icon\">\n\t\t\t\t\t\t\t<svg aria-hidden=\"true\" class=\"e-font-icon-svg e-fas-map-marker-alt\" viewbox=\"0 0 384 512\" xmlns=\"http:\/\/www.w3.org\/2000\/svg\"><path d=\"M172.268 501.67C26.97 291.031 0 269.413 0 192 0 85.961 85.961 0 192 0s192 85.961 192 192c0 77.413-26.97 99.031-172.268 309.67-9.535 13.774-29.93 13.773-39.464 0zM192 272c44.183 0 80-35.817 80-80s-35.817-80-80-80-80 35.817-80 80 35.817 80 80 80z\"><\/path><\/svg>\t\t\t\t\t\t<\/span>\n\t\t\t\t\t\t\t\t\t\t<span class=\"elementor-icon-list-text\"><b>Land:<\/b> Griekenland<\/span>\n\t\t\t\t\t\t\t\t\t<\/li>\n\t\t\t\t\t\t\t\t<li class=\"elementor-icon-list-item\">\n\t\t\t\t\t\t\t\t\t\t\t<span class=\"elementor-icon-list-icon\">\n\t\t\t\t\t\t\t<svg aria-hidden=\"true\" class=\"e-font-icon-svg e-fas-briefcase\" viewbox=\"0 0 512 512\" xmlns=\"http:\/\/www.w3.org\/2000\/svg\"><path d=\"M320 336c0 8.84-7.16 16-16 16h-96c-8.84 0-16-7.16-16-16v-48H0v144c0 25.6 22.4 48 48 48h416c25.6 0 48-22.4 48-48V288H320v48zm144-208h-80V80c0-25.6-22.4-48-48-48H176c-25.6 0-48 22.4-48 48v48H48c-25.6 0-48 22.4-48 48v80h512v-80c0-25.6-22.4-48-48-48zm-144 0H192V96h128v32z\"><\/path><\/svg>\t\t\t\t\t\t<\/span>\n\t\t\t\t\t\t\t\t\t\t<span class=\"elementor-icon-list-text\"><b>Korte naam:<\/b> INASO<\/span>\n\t\t\t\t\t\t\t\t\t<\/li>\n\t\t\t\t\t\t\t\t<li class=\"elementor-icon-list-item\">\n\t\t\t\t\t\t\t\t\t\t\t<span class=\"elementor-icon-list-icon\">\n\t\t\t\t\t\t\t<svg aria-hidden=\"true\" class=\"e-font-icon-svg e-fas-clipboard-check\" viewbox=\"0 0 384 512\" xmlns=\"http:\/\/www.w3.org\/2000\/svg\"><path d=\"M336 64h-80c0-35.3-28.7-64-64-64s-64 28.7-64 64H48C21.5 64 0 85.5 0 112v352c0 26.5 21.5 48 48 48h288c26.5 0 48-21.5 48-48V112c0-26.5-21.5-48-48-48zM192 40c13.3 0 24 10.7 24 24s-10.7 24-24 24-24-10.7-24-24 10.7-24 24-24zm121.2 231.8l-143 141.8c-4.7 4.7-12.3 4.6-17-.1l-82.6-83.3c-4.7-4.7-4.6-12.3.1-17L99.1 285c4.7-4.7 12.3-4.6 17 .1l46 46.4 106-105.2c4.7-4.7 12.3-4.6 17 .1l28.2 28.4c4.7 4.8 4.6 12.3-.1 17z\"><\/path><\/svg>\t\t\t\t\t\t<\/span>\n\t\t\t\t\t\t\t\t\t\t<span class=\"elementor-icon-list-text\"><b>Volledige naam:<\/b> INSTITOUTO AGROTIKIS KAI SYNETAIRISTIKIS OIKONOMIAS INASO PASEGES<\/span>\n\t\t\t\t\t\t\t\t\t<\/li>\n\t\t\t\t\t\t\t\t<li class=\"elementor-icon-list-item\">\n\t\t\t\t\t\t\t\t\t\t\t<a href=\"https:\/\/sites.google.com\/view\/inaso-paseges\" target=\"_blank\" rel=\"noopener noreferrer nofollow\">\n\n\t\t\t\t\t\t\t\t\t\t\t\t<span class=\"elementor-icon-list-icon\">\n\t\t\t\t\t\t\t<svg aria-hidden=\"true\" class=\"e-font-icon-svg e-fas-link\" viewbox=\"0 0 512 512\" xmlns=\"http:\/\/www.w3.org\/2000\/svg\"><path d=\"M326.612 185.391c59.747 59.809 58.927 155.698.36 214.59-.11.12-.24.25-.36.37l-67.2 67.2c-59.27 59.27-155.699 59.262-214.96 0-59.27-59.26-59.27-155.7 0-214.96l37.106-37.106c9.84-9.84 26.786-3.3 27.294 10.606.648 17.722 3.826 35.527 9.69 52.721 1.986 5.822.567 12.262-3.783 16.612l-13.087 13.087c-28.026 28.026-28.905 73.66-1.155 101.96 28.024 28.579 74.086 28.749 102.325.51l67.2-67.19c28.191-28.191 28.073-73.757 0-101.83-3.701-3.694-7.429-6.564-10.341-8.569a16.037 16.037 0 0 1-6.947-12.606c-.396-10.567 3.348-21.456 11.698-29.806l21.054-21.055c5.521-5.521 14.182-6.199 20.584-1.731a152.482 152.482 0 0 1 20.522 17.197zM467.547 44.449c-59.261-59.262-155.69-59.27-214.96 0l-67.2 67.2c-.12.12-.25.25-.36.37-58.566 58.892-59.387 154.781.36 214.59a152.454 152.454 0 0 0 20.521 17.196c6.402 4.468 15.064 3.789 20.584-1.731l21.054-21.055c8.35-8.35 12.094-19.239 11.698-29.806a16.037 16.037 0 0 0-6.947-12.606c-2.912-2.005-6.64-4.875-10.341-8.569-28.073-28.073-28.191-73.639 0-101.83l67.2-67.19c28.239-28.239 74.3-28.069 102.325.51 27.75 28.3 26.872 73.934-1.155 101.96l-13.087 13.087c-4.35 4.35-5.769 10.79-3.783 16.612 5.864 17.194 9.042 34.999 9.69 52.721.509 13.906 17.454 20.446 27.294 10.606l37.106-37.106c59.271-59.259 59.271-155.699.001-214.959z\"><\/path><\/svg>\t\t\t\t\t\t<\/span>\n\t\t\t\t\t\t\t\t\t\t<span class=\"elementor-icon-list-text\"><b>Website:<\/b> sites.google.com\/view\/inaso-paseges<\/span>\n\t\t\t\t\t\t\t\t\t\t\t<\/a>\n\t\t\t\t\t\t\t\t\t<\/li>\n\t\t\t\t\t\t<\/ul>\n\t\t\t\t\t\t<\/div>\n\t\t\t\t<\/div>\n\t\t\t\t<div class=\"elementor-element elementor-element-84a30c8 sc_fly_static elementor-widget elementor-widget-spacer\" data-id=\"84a30c8\" data-element_type=\"widget\" data-widget_type=\"spacer.default\">\n\t\t\t\t<div class=\"elementor-widget-container\">\n\t\t\t\t\t\t\t<div class=\"elementor-spacer\">\n\t\t\t<div class=\"elementor-spacer-inner\"><\/div>\n\t\t<\/div>\n\t\t\t\t\t\t<\/div>\n\t\t\t\t<\/div>\n\t\t\t\t<div class=\"elementor-element elementor-element-7a35c63 sc_fly_static elementor-widget elementor-widget-trx_sc_socials\" data-id=\"7a35c63\" data-element_type=\"widget\" data-widget_type=\"trx_sc_socials.default\">\n\t\t\t\t<div class=\"elementor-widget-container\">\n\t\t\t\t\t<div  \n\t\tclass=\"sc_socials sc_socials_default sc_align_none\" ><div class=\"socials_wrap sc_item_content\"><a target=\"_blank\" rel=\"nofollow\" href=\"https:\/\/www.facebook.com\/profile.php?id=61551579805951\" class=\"social_item social_item_style_icons sc_icon_type_icons social_item_type_icons\"><span class=\"social_icon social_icon_facebook\" style=\"\"><span class=\"screen-reader-text\">facebook<\/span><span class=\"icon-facebook\"><\/span><\/span><\/a><\/div><\/div>\t\t\t\t<\/div>\n\t\t\t\t<\/div>\n\t\t\t\t<\/div>\n\t\t\t\t\t<\/div>\n\t\t\t\t<\/div>\n\t\t<div class=\"elementor-element elementor-element-ca412fe e-flex e-con-boxed sc_layouts_column_icons_position_left e-con e-parent\" data-id=\"ca412fe\" data-element_type=\"container\">\n\t\t\t\t\t<div class=\"e-con-inner\">\n\t\t\t\t<div class=\"elementor-element elementor-element-fd74bcc sc_fly_static elementor-widget elementor-widget-trx_sc_title\" data-id=\"fd74bcc\" data-element_type=\"widget\" data-widget_type=\"trx_sc_title.default\">\n\t\t\t\t<div class=\"elementor-widget-container\">\n\t\t\t\t\t<div\t\tclass=\"sc_title sc_title_default\" ><span class=\"sc_item_subtitle sc_title_subtitle sc_item_subtitle_above sc_item_title_style_default\">Over de partner<\/span><h2 class=\"sc_item_title sc_title_title sc_item_title_style_default\"\n\t\t\t><span class=\"sc_item_title_text\">Instituut voor Landbouw- en Co\u00f6peratieve Economie<\/span><\/h2><\/div>\t\t\t\t<\/div>\n\t\t\t\t<\/div>\n\t\t\t\t<div class=\"elementor-element elementor-element-df91285 sc_fly_static elementor-widget elementor-widget-spacer\" data-id=\"df91285\" data-element_type=\"widget\" data-widget_type=\"spacer.default\">\n\t\t\t\t<div class=\"elementor-widget-container\">\n\t\t\t\t\t\t\t<div class=\"elementor-spacer\">\n\t\t\t<div class=\"elementor-spacer-inner\"><\/div>\n\t\t<\/div>\n\t\t\t\t\t\t<\/div>\n\t\t\t\t<\/div>\n\t\t\t\t<div class=\"elementor-element elementor-element-e765a8c sc_fly_static elementor-widget elementor-widget-text-editor\" data-id=\"e765a8c\" data-element_type=\"widget\" data-widget_type=\"text-editor.default\">\n\t\t\t\t<div class=\"elementor-widget-container\">\n\t\t\t\t\t\t\t\t\t<p>Het \"Institouto Agrotikis kai Sinetairistikis Oikonomias (INASO - PASEGES)\" is een burgerlijke non-profitorganisatie die in 2005 in Athene is opgericht door de Panhelleense Confederatie van Unies van Landbouwco\u00f6peraties (PASEGES), die in 1935 is opgericht als het leidende orgaan van de landbouwco\u00f6peraties in het land op het gebied van ideologie en co\u00f6rdinatie. De organisatie wordt niet gefinancierd door de staat, maar haar middelen komen uit de bijdragen van de leden, uit de deelname aan nationale, Europese en internationale programma's en uit vergoedingen voor de dienstverlening in de objecten die ze in dienst heeft. De leden zijn de tertiaire organisaties van het land en verschillende primaire en secundaire co\u00f6peratieve organisaties. Het unieke ligt in het feit dat het 640.000 boeren en ongeveer 1.000 co\u00f6peratieve organisaties en co\u00f6peratieve bedrijven van alle niveaus vertegenwoordigt. Werkt samen met relevante organisaties, internationale organisaties, conferenties, internationale bijeenkomsten en bezoeken, workshops, seminars en lezingen; publiceert boeken, tijdschriften, etc. Daarnaast zijn alle voordelen die voortvloeien uit het netwerk van leden van de opvolger ETHEAS, beschikbaar via INASO-PASEGES. In deze context en met het doel om de activiteiten van zijn leden te ondersteunen en te ontwikkelen, opereert INASO - PASEGES in de ETHEAS-kwartieren.<\/p><p>INASO - PASEGES is speciaal ontworpen om te voldoen aan de behoeften van toegepast onderzoek en aanverwante projecten, en biedt een hoge mate van effectiviteit en flexibiliteit voor alle potenti\u00eble eisen in zowel nationale als Europese en internationale programma's. Het doel van INASO-PASEGES is het bevorderen van de ontwikkeling van de rurale en co\u00f6peratieve economie op regionaal, nationaal en Europees niveau en het stimuleren van strategisch beleid voor plattelandsontwikkeling, ge\u00efntegreerde regionale ontwikkelingsprogramma's en sectoraal beleid dat de kwaliteit van voedsel en het concurrentievermogen van voedselproducerende co\u00f6peratieve bedrijven verbetert. De bovengenoemde doelstellingen worden verwezenlijkt door het plannen en uitvoeren van enqu\u00eates en studies; verzameling, verwerking en gebruik van wetenschappelijke informatie op het gebied van de plattelandseconomie en de co\u00f6peratieve economie; deelname aan en uitvoering en beheer van advies- en gespecialiseerde onderzoeksprogramma's die zijn opgenomen in de communautaire bestekken, in nationale speciale programma's en in Europese en internationale programma's ter ondersteuning en bevordering van ge\u00efntegreerde plattelandsontwikkelingsprojecten en voedselbeleid; samenwerking met relevante internationale organisaties, organisatie van conferenties, internationale bijeenkomsten en bezoeken, workshops, seminars en lezingen; publicatie van boeken, tijdschriften, enz.<\/p><p>Bij de uitvoering van de deelnemende projecten wordt altijd samengewerkt met landbouwco\u00f6peraties, co\u00f6peratieve ondernemingen, producentenorganisaties, bedrijfspartnerschappen, etc., waarvan de activiteiten verband houden met de eisen van de projecten.<\/p>\t\t\t\t\t\t\t\t<\/div>\n\t\t\t\t<\/div>\n\t\t\t\t\t<\/div>\n\t\t\t\t<\/div>\n\t\t<div class=\"elementor-element elementor-element-f7f7f16 e-flex e-con-boxed sc_layouts_column_icons_position_left e-con e-parent\" data-id=\"f7f7f16\" data-element_type=\"container\">\n\t\t\t\t\t<div class=\"e-con-inner\">\n\t\t<div class=\"elementor-element elementor-element-02dc3d4 e-con-full e-flex sc_layouts_column_icons_position_left e-con e-child\" data-id=\"02dc3d4\" data-element_type=\"container\">\n\t\t\t\t<div class=\"elementor-element elementor-element-1a0bf2c sc_fly_static elementor-widget elementor-widget-trx_sc_title\" data-id=\"1a0bf2c\" data-element_type=\"widget\" data-widget_type=\"trx_sc_title.default\">\n\t\t\t\t<div class=\"elementor-widget-container\">\n\t\t\t\t\t<div\t\tclass=\"sc_title sc_title_default\" ><h4 class=\"sc_item_title sc_title_title sc_item_title_style_default sc_item_title_tag\"\n\t\t\t><span class=\"sc_item_title_text2\">Activiteiten<\/span><span class=\"sc_item_title_text\"> in het project<\/span><\/h4><\/div>\t\t\t\t<\/div>\n\t\t\t\t<\/div>\n\t\t\t\t<div class=\"elementor-element elementor-element-10f7037 sc_fly_static elementor-widget elementor-widget-text-editor\" data-id=\"10f7037\" data-element_type=\"widget\" data-widget_type=\"text-editor.default\">\n\t\t\t\t<div class=\"elementor-widget-container\">\n\t\t\t\t\t\t\t\t\t<p><span style=\"font-weight: 400;\">INASO-PASEGES zal een sleutelrol spelen in de uitvoering van Proefproject #6 en zal toezicht houden op de activiteiten die zullen worden uitgevoerd op het eiland Santorini met de deelname van de wijnco\u00f6peratie \"SantoWines\".<\/span><\/p>\t\t\t\t\t\t\t\t<\/div>\n\t\t\t\t<\/div>\n\t\t\t\t<\/div>\n\t\t\t\t\t<\/div>\n\t\t\t\t<\/div>\n\t\t\t\t<\/div>","protected":false},"excerpt":{"rendered":"<p>Country: Greece Short name: INASO Full name: INSTITOUTO AGROTIKIS KAI SYNETAIRISTIKIS OIKONOMIAS INASO PASEGES Website: sites.google.com\/view\/inaso-paseges About the partner Institute of Agricultural and Cooperative Economics The \u201cInstitouto Agrotikis kai Sinetairistikis&hellip;<\/p>","protected":false},"author":1,"featured_media":0,"parent":2337,"menu_order":6,"comment_status":"closed","ping_status":"closed","template":"","meta":{"iawp_total_views":42,"footnotes":""},"class_list":["post-9064","page","type-page","status-publish","hentry"],"_links":{"self":[{"href":"https:\/\/georgia-horizon.eu\/nl\/wp-json\/wp\/v2\/pages\/9064","targetHints":{"allow":["GET"]}}],"collection":[{"href":"https:\/\/georgia-horizon.eu\/nl\/wp-json\/wp\/v2\/pages"}],"about":[{"href":"https:\/\/georgia-horizon.eu\/nl\/wp-json\/wp\/v2\/types\/page"}],"author":[{"embeddable":true,"href":"https:\/\/georgia-horizon.eu\/nl\/wp-json\/wp\/v2\/users\/1"}],"replies":[{"embeddable":true,"href":"https:\/\/georgia-horizon.eu\/nl\/wp-json\/wp\/v2\/comments?post=9064"}],"version-history":[{"count":0,"href":"https:\/\/georgia-horizon.eu\/nl\/wp-json\/wp\/v2\/pages\/9064\/revisions"}],"up":[{"embeddable":true,"href":"https:\/\/georgia-horizon.eu\/nl\/wp-json\/wp\/v2\/pages\/2337"}],"wp:attachment":[{"href":"https:\/\/georgia-horizon.eu\/nl\/wp-json\/wp\/v2\/media?parent=9064"}],"curies":[{"name":"wp","href":"https:\/\/api.w.org\/{rel}","templated":true}]}}