{"id":9112,"date":"2025-02-12T07:46:08","date_gmt":"2025-02-12T07:46:08","guid":{"rendered":"https:\/\/georgia-horizon.eu\/?page_id=9112"},"modified":"2025-04-25T08:15:40","modified_gmt":"2025-04-25T08:15:40","slug":"technologiko-panepistimio-kyprou","status":"publish","type":"page","link":"https:\/\/georgia-horizon.eu\/de\/partners\/technologiko-panepistimio-kyprou\/","title":{"rendered":"TECHNOLOGIKO PANEPISTIMIO KYPROU"},"content":{"rendered":"<div data-elementor-type=\"wp-page\" data-elementor-id=\"9112\" class=\"elementor elementor-9112\" data-elementor-post-type=\"page\">\n\t\t\t\t<div class=\"elementor-element elementor-element-4d51f92 e-flex e-con-boxed sc_layouts_column_icons_position_left e-con e-parent\" data-id=\"4d51f92\" data-element_type=\"container\">\n\t\t\t\t\t<div class=\"e-con-inner\">\n\t\t<div class=\"elementor-element elementor-element-9558622 e-con-full e-flex sc_layouts_column_icons_position_left e-con e-child\" data-id=\"9558622\" data-element_type=\"container\">\n\t\t\t\t<div class=\"elementor-element elementor-element-ef373f1 sc_fly_static elementor-widget elementor-widget-image\" data-id=\"ef373f1\" data-element_type=\"widget\" data-widget_type=\"image.default\">\n\t\t\t\t<div class=\"elementor-widget-container\">\n\t\t\t\t\t\t\t\t\t\t\t\t\t\t\t<img fetchpriority=\"high\" decoding=\"async\" width=\"500\" height=\"500\" src=\"https:\/\/georgia-horizon.eu\/wp-content\/uploads\/2025\/01\/10.cut_.jpg\" class=\"attachment-large size-large wp-image-8023\" alt=\"\" srcset=\"https:\/\/georgia-horizon.eu\/wp-content\/uploads\/2025\/01\/10.cut_.jpg 500w, https:\/\/georgia-horizon.eu\/wp-content\/uploads\/2025\/01\/10.cut_-300x300.jpg 300w, https:\/\/georgia-horizon.eu\/wp-content\/uploads\/2025\/01\/10.cut_-150x150.jpg 150w, https:\/\/georgia-horizon.eu\/wp-content\/uploads\/2025\/01\/10.cut_-370x370.jpg 370w, https:\/\/georgia-horizon.eu\/wp-content\/uploads\/2025\/01\/10.cut_-120x120.jpg 120w, https:\/\/georgia-horizon.eu\/wp-content\/uploads\/2025\/01\/10.cut_-410x410.jpg 410w\" sizes=\"(max-width: 600px) 100vw, 500px\" \/>\t\t\t\t\t\t\t\t\t\t\t\t\t\t\t<\/div>\n\t\t\t\t<\/div>\n\t\t\t\t<\/div>\n\t\t<div class=\"elementor-element elementor-element-89c5ffc e-con-full e-flex sc_layouts_column_icons_position_left e-con e-child\" data-id=\"89c5ffc\" data-element_type=\"container\">\n\t\t\t\t<div class=\"elementor-element elementor-element-1bd2a54 elementor-icon-list--layout-traditional elementor-list-item-link-full_width sc_fly_static elementor-widget elementor-widget-icon-list\" data-id=\"1bd2a54\" data-element_type=\"widget\" data-widget_type=\"icon-list.default\">\n\t\t\t\t<div class=\"elementor-widget-container\">\n\t\t\t\t\t\t\t<ul class=\"elementor-icon-list-items\">\n\t\t\t\t\t\t\t<li class=\"elementor-icon-list-item\">\n\t\t\t\t\t\t\t\t\t\t\t<span class=\"elementor-icon-list-icon\">\n\t\t\t\t\t\t\t<svg aria-hidden=\"true\" class=\"e-font-icon-svg e-fas-map-marker-alt\" viewbox=\"0 0 384 512\" xmlns=\"http:\/\/www.w3.org\/2000\/svg\"><path d=\"M172.268 501.67C26.97 291.031 0 269.413 0 192 0 85.961 85.961 0 192 0s192 85.961 192 192c0 77.413-26.97 99.031-172.268 309.67-9.535 13.774-29.93 13.773-39.464 0zM192 272c44.183 0 80-35.817 80-80s-35.817-80-80-80-80 35.817-80 80 35.817 80 80 80z\"><\/path><\/svg>\t\t\t\t\t\t<\/span>\n\t\t\t\t\t\t\t\t\t\t<span class=\"elementor-icon-list-text\"><b>Land:<\/b> Zypern<\/span>\n\t\t\t\t\t\t\t\t\t<\/li>\n\t\t\t\t\t\t\t\t<li class=\"elementor-icon-list-item\">\n\t\t\t\t\t\t\t\t\t\t\t<span class=\"elementor-icon-list-icon\">\n\t\t\t\t\t\t\t<svg aria-hidden=\"true\" class=\"e-font-icon-svg e-fas-briefcase\" viewbox=\"0 0 512 512\" xmlns=\"http:\/\/www.w3.org\/2000\/svg\"><path d=\"M320 336c0 8.84-7.16 16-16 16h-96c-8.84 0-16-7.16-16-16v-48H0v144c0 25.6 22.4 48 48 48h416c25.6 0 48-22.4 48-48V288H320v48zm144-208h-80V80c0-25.6-22.4-48-48-48H176c-25.6 0-48 22.4-48 48v48H48c-25.6 0-48 22.4-48 48v80h512v-80c0-25.6-22.4-48-48-48zm-144 0H192V96h128v32z\"><\/path><\/svg>\t\t\t\t\t\t<\/span>\n\t\t\t\t\t\t\t\t\t\t<span class=\"elementor-icon-list-text\"><b>Kurzbezeichnung<\/b> CUT<\/span>\n\t\t\t\t\t\t\t\t\t<\/li>\n\t\t\t\t\t\t\t\t<li class=\"elementor-icon-list-item\">\n\t\t\t\t\t\t\t\t\t\t\t<span class=\"elementor-icon-list-icon\">\n\t\t\t\t\t\t\t<svg aria-hidden=\"true\" class=\"e-font-icon-svg e-fas-clipboard-check\" viewbox=\"0 0 384 512\" xmlns=\"http:\/\/www.w3.org\/2000\/svg\"><path d=\"M336 64h-80c0-35.3-28.7-64-64-64s-64 28.7-64 64H48C21.5 64 0 85.5 0 112v352c0 26.5 21.5 48 48 48h288c26.5 0 48-21.5 48-48V112c0-26.5-21.5-48-48-48zM192 40c13.3 0 24 10.7 24 24s-10.7 24-24 24-24-10.7-24-24 10.7-24 24-24zm121.2 231.8l-143 141.8c-4.7 4.7-12.3 4.6-17-.1l-82.6-83.3c-4.7-4.7-4.6-12.3.1-17L99.1 285c4.7-4.7 12.3-4.6 17 .1l46 46.4 106-105.2c4.7-4.7 12.3-4.6 17 .1l28.2 28.4c4.7 4.8 4.6 12.3-.1 17z\"><\/path><\/svg>\t\t\t\t\t\t<\/span>\n\t\t\t\t\t\t\t\t\t\t<span class=\"elementor-icon-list-text\"><b>Voller Name<\/b> TECHNOLOGIKO PANEPISTIMIO KYPROU<\/span>\n\t\t\t\t\t\t\t\t\t<\/li>\n\t\t\t\t\t\t\t\t<li class=\"elementor-icon-list-item\">\n\t\t\t\t\t\t\t\t\t\t\t<a href=\"https:\/\/www.cut.ac.cy\/\" target=\"_blank\" rel=\"noopener noreferrer nofollow\">\n\n\t\t\t\t\t\t\t\t\t\t\t\t<span class=\"elementor-icon-list-icon\">\n\t\t\t\t\t\t\t<svg aria-hidden=\"true\" class=\"e-font-icon-svg e-fas-link\" viewbox=\"0 0 512 512\" xmlns=\"http:\/\/www.w3.org\/2000\/svg\"><path d=\"M326.612 185.391c59.747 59.809 58.927 155.698.36 214.59-.11.12-.24.25-.36.37l-67.2 67.2c-59.27 59.27-155.699 59.262-214.96 0-59.27-59.26-59.27-155.7 0-214.96l37.106-37.106c9.84-9.84 26.786-3.3 27.294 10.606.648 17.722 3.826 35.527 9.69 52.721 1.986 5.822.567 12.262-3.783 16.612l-13.087 13.087c-28.026 28.026-28.905 73.66-1.155 101.96 28.024 28.579 74.086 28.749 102.325.51l67.2-67.19c28.191-28.191 28.073-73.757 0-101.83-3.701-3.694-7.429-6.564-10.341-8.569a16.037 16.037 0 0 1-6.947-12.606c-.396-10.567 3.348-21.456 11.698-29.806l21.054-21.055c5.521-5.521 14.182-6.199 20.584-1.731a152.482 152.482 0 0 1 20.522 17.197zM467.547 44.449c-59.261-59.262-155.69-59.27-214.96 0l-67.2 67.2c-.12.12-.25.25-.36.37-58.566 58.892-59.387 154.781.36 214.59a152.454 152.454 0 0 0 20.521 17.196c6.402 4.468 15.064 3.789 20.584-1.731l21.054-21.055c8.35-8.35 12.094-19.239 11.698-29.806a16.037 16.037 0 0 0-6.947-12.606c-2.912-2.005-6.64-4.875-10.341-8.569-28.073-28.073-28.191-73.639 0-101.83l67.2-67.19c28.239-28.239 74.3-28.069 102.325.51 27.75 28.3 26.872 73.934-1.155 101.96l-13.087 13.087c-4.35 4.35-5.769 10.79-3.783 16.612 5.864 17.194 9.042 34.999 9.69 52.721.509 13.906 17.454 20.446 27.294 10.606l37.106-37.106c59.271-59.259 59.271-155.699.001-214.959z\"><\/path><\/svg>\t\t\t\t\t\t<\/span>\n\t\t\t\t\t\t\t\t\t\t<span class=\"elementor-icon-list-text\"><b>Webseite:<\/b> cut.ac.cy<\/span>\n\t\t\t\t\t\t\t\t\t\t\t<\/a>\n\t\t\t\t\t\t\t\t\t<\/li>\n\t\t\t\t\t\t<\/ul>\n\t\t\t\t\t\t<\/div>\n\t\t\t\t<\/div>\n\t\t\t\t<div class=\"elementor-element elementor-element-84a30c8 sc_fly_static elementor-widget elementor-widget-spacer\" data-id=\"84a30c8\" data-element_type=\"widget\" data-widget_type=\"spacer.default\">\n\t\t\t\t<div class=\"elementor-widget-container\">\n\t\t\t\t\t\t\t<div class=\"elementor-spacer\">\n\t\t\t<div class=\"elementor-spacer-inner\"><\/div>\n\t\t<\/div>\n\t\t\t\t\t\t<\/div>\n\t\t\t\t<\/div>\n\t\t\t\t<div class=\"elementor-element elementor-element-7a35c63 sc_fly_static elementor-widget elementor-widget-trx_sc_socials\" data-id=\"7a35c63\" data-element_type=\"widget\" data-widget_type=\"trx_sc_socials.default\">\n\t\t\t\t<div class=\"elementor-widget-container\">\n\t\t\t\t\t<div  \n\t\tclass=\"sc_socials sc_socials_default sc_align_none\" ><div class=\"socials_wrap sc_item_content\"><a target=\"_blank\" rel=\"nofollow\" href=\"https:\/\/www.linkedin.com\/school\/cyprus-university-of-technology\/\" class=\"social_item social_item_style_icons sc_icon_type_icons social_item_type_icons\"><span class=\"social_icon social_icon_linkedin\" style=\"\"><span class=\"screen-reader-text\">linkedin<\/span><span class=\"icon-linkedin\"><\/span><\/span><\/a><a target=\"_blank\" rel=\"nofollow\" href=\"https:\/\/www.facebook.com\/CyprusUniversityTechnology\/?fref=ts\" class=\"social_item social_item_style_icons sc_icon_type_icons social_item_type_icons\"><span class=\"social_icon social_icon_facebook\" style=\"\"><span class=\"screen-reader-text\">facebook<\/span><span class=\"icon-facebook\"><\/span><\/span><\/a><a target=\"_blank\" rel=\"nofollow\" href=\"https:\/\/x.com\/cyunitech\" class=\"social_item social_item_style_icons sc_icon_type_icons social_item_type_icons\"><span class=\"social_icon social_icon_twitter-x\" style=\"\"><span class=\"screen-reader-text\">twitter-x<\/span><span class=\"trx_addons_icon-twitter-x\"><\/span><\/span><\/a><a target=\"_blank\" rel=\"nofollow\" href=\"https:\/\/www.instagram.com\/cyprusuniversitytechnology\" class=\"social_item social_item_style_icons sc_icon_type_icons social_item_type_icons\"><span class=\"social_icon social_icon_instagramm\" style=\"\"><span class=\"screen-reader-text\">instagramm<\/span><span class=\"icon-instagramm\"><\/span><\/span><\/a><a target=\"_blank\" rel=\"nofollow\" href=\"https:\/\/www.youtube.com\/channel\/UCYgPdWWp7FZguifTCdukDJA\" class=\"social_item social_item_style_icons sc_icon_type_icons social_item_type_icons\"><span class=\"social_icon social_icon_youtube2\" style=\"\"><span class=\"screen-reader-text\">youtube2<\/span><span class=\"trx_addons_icon-youtube2\"><\/span><\/span><\/a><\/div><\/div>\t\t\t\t<\/div>\n\t\t\t\t<\/div>\n\t\t\t\t<\/div>\n\t\t\t\t\t<\/div>\n\t\t\t\t<\/div>\n\t\t<div class=\"elementor-element elementor-element-ca412fe e-flex e-con-boxed sc_layouts_column_icons_position_left e-con e-parent\" data-id=\"ca412fe\" data-element_type=\"container\">\n\t\t\t\t\t<div class=\"e-con-inner\">\n\t\t\t\t<div class=\"elementor-element elementor-element-fd74bcc sc_fly_static elementor-widget elementor-widget-trx_sc_title\" data-id=\"fd74bcc\" data-element_type=\"widget\" data-widget_type=\"trx_sc_title.default\">\n\t\t\t\t<div class=\"elementor-widget-container\">\n\t\t\t\t\t<div\t\tclass=\"sc_title sc_title_default\" ><span class=\"sc_item_subtitle sc_title_subtitle sc_item_subtitle_above sc_item_title_style_default\">\u00dcber den Partner<\/span><\/div>\t\t\t\t<\/div>\n\t\t\t\t<\/div>\n\t\t\t\t<div class=\"elementor-element elementor-element-df91285 sc_fly_static elementor-widget elementor-widget-spacer\" data-id=\"df91285\" data-element_type=\"widget\" data-widget_type=\"spacer.default\">\n\t\t\t\t<div class=\"elementor-widget-container\">\n\t\t\t\t\t\t\t<div class=\"elementor-spacer\">\n\t\t\t<div class=\"elementor-spacer-inner\"><\/div>\n\t\t<\/div>\n\t\t\t\t\t\t<\/div>\n\t\t\t\t<\/div>\n\t\t\t\t<div class=\"elementor-element elementor-element-e765a8c sc_fly_static elementor-widget elementor-widget-text-editor\" data-id=\"e765a8c\" data-element_type=\"widget\" data-widget_type=\"text-editor.default\">\n\t\t\t\t<div class=\"elementor-widget-container\">\n\t\t\t\t\t\t\t\t\t<p>Die Cyprus University of Technology ist eine \u00f6ffentliche Universit\u00e4t, die 2003 in Limassol, Zypern, gegr\u00fcndet wurde und aus sechs Fakult\u00e4ten besteht. CUT strebt danach, sich zu einer modernen, zukunftsweisenden Universit\u00e4t zu entwickeln, die in der Lage ist, Bildung und Spitzenforschung in f\u00fchrenden Wissenschafts- und Technologiezweigen anzubieten, die einen gro\u00dfen Einfluss auf die wirtschaftlichen, technischen und wissenschaftlichen Sektoren haben. Die Fakult\u00e4t f\u00fcr Bauingenieurwesen und Geomatik bietet folgende zwei Studienrichtungen mit den dazugeh\u00f6rigen Curricula an: (a) Bauingenieurwesen und (b) Vermessungsingenieurwesen und Geoinformatik. Die Fakult\u00e4t f\u00fcr Bauingenieurwesen der CUT hat sich zum Ziel gesetzt, anspruchsvolle Kurse zu entwickeln, die den Studierenden den Erwerb von Bachelor- und Masterabschl\u00fcssen erm\u00f6glichen. Die Absolventen k\u00f6nnen in einem dynamischen und anregenden Umfeld arbeiten, in dem sie ein breites Spektrum an F\u00e4higkeiten entwickeln k\u00f6nnen, die ihre Pr\u00e4senz bei der Aufwertung und Verbesserung der Lebensqualit\u00e4t und der Rauminfrastrukturen, in denen sie t\u00e4tig sind, wichtig machen. Ziel der Abteilung ist es, qualitativ hochwertige Bildungs- und Forschungsprogramme mit internationalen Richtlinien anzubieten und den Studierenden eine direkte Zusammenarbeit mit der Industrie, Beratungsfirmen und \u00f6ffentlichen Einrichtungen zu erm\u00f6glichen.<\/p>\t\t\t\t\t\t\t\t<\/div>\n\t\t\t\t<\/div>\n\t\t\t\t\t<\/div>\n\t\t\t\t<\/div>\n\t\t<div class=\"elementor-element elementor-element-fd500e9 e-flex e-con-boxed sc_layouts_column_icons_position_left e-con e-parent\" data-id=\"fd500e9\" data-element_type=\"container\">\n\t\t\t\t\t<div class=\"e-con-inner\">\n\t\t<div class=\"elementor-element elementor-element-93e09b4 e-con-full e-flex sc_layouts_column_icons_position_left e-con e-child\" data-id=\"93e09b4\" data-element_type=\"container\">\n\t\t\t\t<div class=\"elementor-element elementor-element-4e3e464 sc_fly_static elementor-widget elementor-widget-trx_sc_title\" data-id=\"4e3e464\" data-element_type=\"widget\" data-widget_type=\"trx_sc_title.default\">\n\t\t\t\t<div class=\"elementor-widget-container\">\n\t\t\t\t\t<div\t\tclass=\"sc_title sc_title_default\" ><h4 class=\"sc_item_title sc_title_title sc_item_title_style_default sc_item_title_tag\"\n\t\t\t><span class=\"sc_item_title_text2\">Aktivit\u00e4ten<\/span><span class=\"sc_item_title_text\"> im Projekt<\/span><\/h4><\/div>\t\t\t\t<\/div>\n\t\t\t\t<\/div>\n\t\t\t\t<div class=\"elementor-element elementor-element-a6cffcf sc_fly_static elementor-widget elementor-widget-text-editor\" data-id=\"a6cffcf\" data-element_type=\"widget\" data-widget_type=\"text-editor.default\">\n\t\t\t\t<div class=\"elementor-widget-container\">\n\t\t\t\t\t\t\t\t\t<p>Im Rahmen des GEORGIA-Projekts wird CUT in Zusammenarbeit mit CPPC und ECoE L\u00f6sungen f\u00fcr die effiziente und nachhaltige Nutzung von Ressourcen \u2013 wie Wasser und D\u00fcngemitteln \u2013 in semiariden und degradierten Gebieten Zyperns auf einer Mindestfl\u00e4che von 10 Hektar erforschen und demonstrieren. CUT wird aktiv zum Zypern-Pilotprojekt beitragen, indem es die technische L\u00f6sung bereitstellt.<\/p>\t\t\t\t\t\t\t\t<\/div>\n\t\t\t\t<\/div>\n\t\t\t\t<\/div>\n\t\t\t\t\t<\/div>\n\t\t\t\t<\/div>\n\t\t\t\t<\/div>","protected":false},"excerpt":{"rendered":"<p>Country: Cyprus Short name: CUT Full name: TECHNOLOGIKO PANEPISTIMIO KYPROU Website: cut.ac.cy About the partner The Cyprus University of Technology is a public university founded in Limassol, Cyprus in 2003&hellip;<\/p>","protected":false},"author":1,"featured_media":0,"parent":2337,"menu_order":10,"comment_status":"closed","ping_status":"closed","template":"","meta":{"iawp_total_views":11,"footnotes":""},"class_list":["post-9112","page","type-page","status-publish","hentry"],"_links":{"self":[{"href":"https:\/\/georgia-horizon.eu\/de\/wp-json\/wp\/v2\/pages\/9112","targetHints":{"allow":["GET"]}}],"collection":[{"href":"https:\/\/georgia-horizon.eu\/de\/wp-json\/wp\/v2\/pages"}],"about":[{"href":"https:\/\/georgia-horizon.eu\/de\/wp-json\/wp\/v2\/types\/page"}],"author":[{"embeddable":true,"href":"https:\/\/georgia-horizon.eu\/de\/wp-json\/wp\/v2\/users\/1"}],"replies":[{"embeddable":true,"href":"https:\/\/georgia-horizon.eu\/de\/wp-json\/wp\/v2\/comments?post=9112"}],"version-history":[{"count":0,"href":"https:\/\/georgia-horizon.eu\/de\/wp-json\/wp\/v2\/pages\/9112\/revisions"}],"up":[{"embeddable":true,"href":"https:\/\/georgia-horizon.eu\/de\/wp-json\/wp\/v2\/pages\/2337"}],"wp:attachment":[{"href":"https:\/\/georgia-horizon.eu\/de\/wp-json\/wp\/v2\/media?parent=9112"}],"curies":[{"name":"wp","href":"https:\/\/api.w.org\/{rel}","templated":true}]}}