{"id":9043,"date":"2025-02-10T13:30:34","date_gmt":"2025-02-10T13:30:34","guid":{"rendered":"https:\/\/georgia-horizon.eu\/?page_id=9043"},"modified":"2025-04-25T08:03:50","modified_gmt":"2025-04-25T08:03:50","slug":"terra-littera-doo","status":"publish","type":"page","link":"https:\/\/georgia-horizon.eu\/de\/partners\/terra-littera-doo\/","title":{"rendered":"TERRA LITTERA DOO"},"content":{"rendered":"<div data-elementor-type=\"wp-page\" data-elementor-id=\"9043\" class=\"elementor elementor-9043\" data-elementor-post-type=\"page\">\n\t\t\t\t<div class=\"elementor-element elementor-element-4d51f92 e-flex e-con-boxed sc_layouts_column_icons_position_left e-con e-parent\" data-id=\"4d51f92\" data-element_type=\"container\">\n\t\t\t\t\t<div class=\"e-con-inner\">\n\t\t<div class=\"elementor-element elementor-element-9558622 e-con-full e-flex sc_layouts_column_icons_position_left e-con e-child\" data-id=\"9558622\" data-element_type=\"container\">\n\t\t\t\t<div class=\"elementor-element elementor-element-ef373f1 sc_fly_static elementor-widget elementor-widget-image\" data-id=\"ef373f1\" data-element_type=\"widget\" data-widget_type=\"image.default\">\n\t\t\t\t<div class=\"elementor-widget-container\">\n\t\t\t\t\t\t\t\t\t\t\t\t\t\t\t<img fetchpriority=\"high\" decoding=\"async\" width=\"500\" height=\"500\" src=\"https:\/\/georgia-horizon.eu\/wp-content\/uploads\/2025\/01\/04.terralittera.jpg\" class=\"attachment-large size-large wp-image-8017\" alt=\"\" srcset=\"https:\/\/georgia-horizon.eu\/wp-content\/uploads\/2025\/01\/04.terralittera.jpg 500w, https:\/\/georgia-horizon.eu\/wp-content\/uploads\/2025\/01\/04.terralittera-300x300.jpg 300w, https:\/\/georgia-horizon.eu\/wp-content\/uploads\/2025\/01\/04.terralittera-150x150.jpg 150w, https:\/\/georgia-horizon.eu\/wp-content\/uploads\/2025\/01\/04.terralittera-370x370.jpg 370w, https:\/\/georgia-horizon.eu\/wp-content\/uploads\/2025\/01\/04.terralittera-120x120.jpg 120w, https:\/\/georgia-horizon.eu\/wp-content\/uploads\/2025\/01\/04.terralittera-410x410.jpg 410w\" sizes=\"(max-width: 600px) 100vw, 500px\" \/>\t\t\t\t\t\t\t\t\t\t\t\t\t\t\t<\/div>\n\t\t\t\t<\/div>\n\t\t\t\t<\/div>\n\t\t<div class=\"elementor-element elementor-element-89c5ffc e-con-full e-flex sc_layouts_column_icons_position_left e-con e-child\" data-id=\"89c5ffc\" data-element_type=\"container\">\n\t\t\t\t<div class=\"elementor-element elementor-element-1bd2a54 elementor-icon-list--layout-traditional elementor-list-item-link-full_width sc_fly_static elementor-widget elementor-widget-icon-list\" data-id=\"1bd2a54\" data-element_type=\"widget\" data-widget_type=\"icon-list.default\">\n\t\t\t\t<div class=\"elementor-widget-container\">\n\t\t\t\t\t\t\t<ul class=\"elementor-icon-list-items\">\n\t\t\t\t\t\t\t<li class=\"elementor-icon-list-item\">\n\t\t\t\t\t\t\t\t\t\t\t<span class=\"elementor-icon-list-icon\">\n\t\t\t\t\t\t\t<svg aria-hidden=\"true\" class=\"e-font-icon-svg e-fas-map-marker-alt\" viewbox=\"0 0 384 512\" xmlns=\"http:\/\/www.w3.org\/2000\/svg\"><path d=\"M172.268 501.67C26.97 291.031 0 269.413 0 192 0 85.961 85.961 0 192 0s192 85.961 192 192c0 77.413-26.97 99.031-172.268 309.67-9.535 13.774-29.93 13.773-39.464 0zM192 272c44.183 0 80-35.817 80-80s-35.817-80-80-80-80 35.817-80 80 35.817 80 80 80z\"><\/path><\/svg>\t\t\t\t\t\t<\/span>\n\t\t\t\t\t\t\t\t\t\t<span class=\"elementor-icon-list-text\"><b>Land:<\/b> Serbien<\/span>\n\t\t\t\t\t\t\t\t\t<\/li>\n\t\t\t\t\t\t\t\t<li class=\"elementor-icon-list-item\">\n\t\t\t\t\t\t\t\t\t\t\t<span class=\"elementor-icon-list-icon\">\n\t\t\t\t\t\t\t<svg aria-hidden=\"true\" class=\"e-font-icon-svg e-fas-briefcase\" viewbox=\"0 0 512 512\" xmlns=\"http:\/\/www.w3.org\/2000\/svg\"><path d=\"M320 336c0 8.84-7.16 16-16 16h-96c-8.84 0-16-7.16-16-16v-48H0v144c0 25.6 22.4 48 48 48h416c25.6 0 48-22.4 48-48V288H320v48zm144-208h-80V80c0-25.6-22.4-48-48-48H176c-25.6 0-48 22.4-48 48v48H48c-25.6 0-48 22.4-48 48v80h512v-80c0-25.6-22.4-48-48-48zm-144 0H192V96h128v32z\"><\/path><\/svg>\t\t\t\t\t\t<\/span>\n\t\t\t\t\t\t\t\t\t\t<span class=\"elementor-icon-list-text\"><b>Kurzbezeichnung<\/b> TL<\/span>\n\t\t\t\t\t\t\t\t\t<\/li>\n\t\t\t\t\t\t\t\t<li class=\"elementor-icon-list-item\">\n\t\t\t\t\t\t\t\t\t\t\t<span class=\"elementor-icon-list-icon\">\n\t\t\t\t\t\t\t<svg aria-hidden=\"true\" class=\"e-font-icon-svg e-fas-clipboard-check\" viewbox=\"0 0 384 512\" xmlns=\"http:\/\/www.w3.org\/2000\/svg\"><path d=\"M336 64h-80c0-35.3-28.7-64-64-64s-64 28.7-64 64H48C21.5 64 0 85.5 0 112v352c0 26.5 21.5 48 48 48h288c26.5 0 48-21.5 48-48V112c0-26.5-21.5-48-48-48zM192 40c13.3 0 24 10.7 24 24s-10.7 24-24 24-24-10.7-24-24 10.7-24 24-24zm121.2 231.8l-143 141.8c-4.7 4.7-12.3 4.6-17-.1l-82.6-83.3c-4.7-4.7-4.6-12.3.1-17L99.1 285c4.7-4.7 12.3-4.6 17 .1l46 46.4 106-105.2c4.7-4.7 12.3-4.6 17 .1l28.2 28.4c4.7 4.8 4.6 12.3-.1 17z\"><\/path><\/svg>\t\t\t\t\t\t<\/span>\n\t\t\t\t\t\t\t\t\t\t<span class=\"elementor-icon-list-text\"><b>Voller Name<\/b> TERRA LITTERA DOO<\/span>\n\t\t\t\t\t\t\t\t\t<\/li>\n\t\t\t\t\t\t\t\t<li class=\"elementor-icon-list-item\">\n\t\t\t\t\t\t\t\t\t\t\t<a href=\"http:\/\/www.terraconsulting.rs\/\" target=\"_blank\" rel=\"noopener noreferrer nofollow\">\n\n\t\t\t\t\t\t\t\t\t\t\t\t<span class=\"elementor-icon-list-icon\">\n\t\t\t\t\t\t\t<svg aria-hidden=\"true\" class=\"e-font-icon-svg e-fas-link\" viewbox=\"0 0 512 512\" xmlns=\"http:\/\/www.w3.org\/2000\/svg\"><path d=\"M326.612 185.391c59.747 59.809 58.927 155.698.36 214.59-.11.12-.24.25-.36.37l-67.2 67.2c-59.27 59.27-155.699 59.262-214.96 0-59.27-59.26-59.27-155.7 0-214.96l37.106-37.106c9.84-9.84 26.786-3.3 27.294 10.606.648 17.722 3.826 35.527 9.69 52.721 1.986 5.822.567 12.262-3.783 16.612l-13.087 13.087c-28.026 28.026-28.905 73.66-1.155 101.96 28.024 28.579 74.086 28.749 102.325.51l67.2-67.19c28.191-28.191 28.073-73.757 0-101.83-3.701-3.694-7.429-6.564-10.341-8.569a16.037 16.037 0 0 1-6.947-12.606c-.396-10.567 3.348-21.456 11.698-29.806l21.054-21.055c5.521-5.521 14.182-6.199 20.584-1.731a152.482 152.482 0 0 1 20.522 17.197zM467.547 44.449c-59.261-59.262-155.69-59.27-214.96 0l-67.2 67.2c-.12.12-.25.25-.36.37-58.566 58.892-59.387 154.781.36 214.59a152.454 152.454 0 0 0 20.521 17.196c6.402 4.468 15.064 3.789 20.584-1.731l21.054-21.055c8.35-8.35 12.094-19.239 11.698-29.806a16.037 16.037 0 0 0-6.947-12.606c-2.912-2.005-6.64-4.875-10.341-8.569-28.073-28.073-28.191-73.639 0-101.83l67.2-67.19c28.239-28.239 74.3-28.069 102.325.51 27.75 28.3 26.872 73.934-1.155 101.96l-13.087 13.087c-4.35 4.35-5.769 10.79-3.783 16.612 5.864 17.194 9.042 34.999 9.69 52.721.509 13.906 17.454 20.446 27.294 10.606l37.106-37.106c59.271-59.259 59.271-155.699.001-214.959z\"><\/path><\/svg>\t\t\t\t\t\t<\/span>\n\t\t\t\t\t\t\t\t\t\t<span class=\"elementor-icon-list-text\"><b>Webseite:<\/b> terraconsulting.rs<\/span>\n\t\t\t\t\t\t\t\t\t\t\t<\/a>\n\t\t\t\t\t\t\t\t\t<\/li>\n\t\t\t\t\t\t<\/ul>\n\t\t\t\t\t\t<\/div>\n\t\t\t\t<\/div>\n\t\t\t\t<div class=\"elementor-element elementor-element-84a30c8 sc_fly_static elementor-widget elementor-widget-spacer\" data-id=\"84a30c8\" data-element_type=\"widget\" data-widget_type=\"spacer.default\">\n\t\t\t\t<div class=\"elementor-widget-container\">\n\t\t\t\t\t\t\t<div class=\"elementor-spacer\">\n\t\t\t<div class=\"elementor-spacer-inner\"><\/div>\n\t\t<\/div>\n\t\t\t\t\t\t<\/div>\n\t\t\t\t<\/div>\n\t\t\t\t<div class=\"elementor-element elementor-element-7a35c63 sc_fly_static elementor-widget elementor-widget-trx_sc_socials\" data-id=\"7a35c63\" data-element_type=\"widget\" data-widget_type=\"trx_sc_socials.default\">\n\t\t\t\t<div class=\"elementor-widget-container\">\n\t\t\t\t\t<div  \n\t\tclass=\"sc_socials sc_socials_default sc_align_none\" ><div class=\"socials_wrap sc_item_content\"><a target=\"_blank\" rel=\"nofollow\" href=\"https:\/\/www.linkedin.com\/company\/terra-consulting-novisad\/posts\/?feedView=all\" class=\"social_item social_item_style_icons sc_icon_type_icons social_item_type_icons\"><span class=\"social_icon social_icon_linkedin\" style=\"\"><span class=\"screen-reader-text\">linkedin<\/span><span class=\"icon-linkedin\"><\/span><\/span><\/a><a target=\"_blank\" rel=\"nofollow\" href=\"https:\/\/www.facebook.com\/IPARDpodrska\" class=\"social_item social_item_style_icons sc_icon_type_icons social_item_type_icons\"><span class=\"social_icon social_icon_facebook\" style=\"\"><span class=\"screen-reader-text\">facebook<\/span><span class=\"icon-facebook\"><\/span><\/span><\/a><\/div><\/div>\t\t\t\t<\/div>\n\t\t\t\t<\/div>\n\t\t\t\t<\/div>\n\t\t\t\t\t<\/div>\n\t\t\t\t<\/div>\n\t\t<div class=\"elementor-element elementor-element-ca412fe e-flex e-con-boxed sc_layouts_column_icons_position_left e-con e-parent\" data-id=\"ca412fe\" data-element_type=\"container\">\n\t\t\t\t\t<div class=\"e-con-inner\">\n\t\t\t\t<div class=\"elementor-element elementor-element-fd74bcc sc_fly_static elementor-widget elementor-widget-trx_sc_title\" data-id=\"fd74bcc\" data-element_type=\"widget\" data-widget_type=\"trx_sc_title.default\">\n\t\t\t\t<div class=\"elementor-widget-container\">\n\t\t\t\t\t<div\t\tclass=\"sc_title sc_title_default\" ><span class=\"sc_item_subtitle sc_title_subtitle sc_item_subtitle_above sc_item_title_style_default\">\u00dcber den Partner<\/span><h2 class=\"sc_item_title sc_title_title sc_item_title_style_default\"\n\t\t\t><span class=\"sc_item_title_text2\">Terra Consulting<\/span><span class=\"sc_item_title_text\"> ist ein Beratungsunternehmen, das auf die Erbringung von Beratungsdienstleistungen im Bereich der Agrarfinanzierung spezialisiert ist.<\/span><\/h2><\/div>\t\t\t\t<\/div>\n\t\t\t\t<\/div>\n\t\t\t\t<div class=\"elementor-element elementor-element-df91285 sc_fly_static elementor-widget elementor-widget-spacer\" data-id=\"df91285\" data-element_type=\"widget\" data-widget_type=\"spacer.default\">\n\t\t\t\t<div class=\"elementor-widget-container\">\n\t\t\t\t\t\t\t<div class=\"elementor-spacer\">\n\t\t\t<div class=\"elementor-spacer-inner\"><\/div>\n\t\t<\/div>\n\t\t\t\t\t\t<\/div>\n\t\t\t\t<\/div>\n\t\t\t\t<div class=\"elementor-element elementor-element-e765a8c sc_fly_static elementor-widget elementor-widget-text-editor\" data-id=\"e765a8c\" data-element_type=\"widget\" data-widget_type=\"text-editor.default\">\n\t\t\t\t<div class=\"elementor-widget-container\">\n\t\t\t\t\t\t\t\t\t<p><span style=\"font-weight: 400;\">Terra Littera ist ein privates Unternehmen aus Novi Sad in Serbien, dessen Hauptt\u00e4tigkeit darin besteht, Landwirten und Z\u00fcchtern Beratungsdienste im Zusammenhang mit der ordnungsgem\u00e4\u00dfen Verwendung von Zusch\u00fcssen aus EU- und IPA-Fonds f\u00fcr die l\u00e4ndliche Entwicklung anzubieten. TL arbeitet eng mit Landwirten zusammen, um gemeinsame Ziele bei der Einf\u00fchrung bew\u00e4hrter Produktionsmethoden im Hinblick auf Nachhaltigkeit und Umweltschutz zu erreichen. In diesem Prozess liefert TL den Landwirten auch notwendige und relevante Informationen \u00fcber die Vorteile der Implementierung digitaler Technologien in Produktionsprozesse. TL stellt seinen Kunden Software und Hardware zur Verf\u00fcgung, die ihnen dabei hilft, ihre landwirtschaftliche Produktion zu optimieren und auf dem Markt wettbewerbsf\u00e4hig zu werden.<\/span><\/p><p><span style=\"font-weight: 400;\">TL wurde 2012 gegr\u00fcndet und hat bis heute \u00fcber 200 Projekte in IPA-Programmen und rund 50 Projekte in Weltbankprogrammen abgeschlossen. Dar\u00fcber hinaus laufen etwa 30 Projekte, die sich auf den l\u00e4ndlichen Tourismus konzentrieren. TL verf\u00fcgt \u00fcber ein umfangreiches Portfolio von mehr als 500 Landwirten, Genossenschaften und landwirtschaftlichen Unternehmen.<\/span><\/p><p><span style=\"font-weight: 400;\">Terra Littera ist au\u00dferdem Partner in zwei Horizon-Projekten<\/span><\/p><ol><li>QuantiFarm (HORIZON-CL6-2021-GOVERNANCE-01) konzentriert sich auf die Unterst\u00fctzung des weiteren Einsatzes von DATs als Schl\u00fcsselfaktoren zur Verbesserung der Nachhaltigkeitsleistung und Wettbewerbsf\u00e4higkeit des Agrarsektors.<\/li><li>TALLHEDA HORIZON-WIDERA-2023-ACCESS-03-01 \u2013 TRANSFORMATION DES ZUGANGS ZU EXZELLENZ MIT ERFOLGREICHEN ALLIANZEN DER HOCHSCHULBILDUNG IN DER DIGITALEN LANDWIRTSCHAFT<\/li><\/ol>\t\t\t\t\t\t\t\t<\/div>\n\t\t\t\t<\/div>\n\t\t\t\t\t<\/div>\n\t\t\t\t<\/div>\n\t\t<div class=\"elementor-element elementor-element-f7f7f16 e-flex e-con-boxed sc_layouts_column_icons_position_left e-con e-parent\" data-id=\"f7f7f16\" data-element_type=\"container\">\n\t\t\t\t\t<div class=\"e-con-inner\">\n\t\t<div class=\"elementor-element elementor-element-02dc3d4 e-con-full e-flex sc_layouts_column_icons_position_left e-con e-child\" data-id=\"02dc3d4\" data-element_type=\"container\">\n\t\t\t\t<div class=\"elementor-element elementor-element-1a0bf2c sc_fly_static elementor-widget elementor-widget-trx_sc_title\" data-id=\"1a0bf2c\" data-element_type=\"widget\" data-widget_type=\"trx_sc_title.default\">\n\t\t\t\t<div class=\"elementor-widget-container\">\n\t\t\t\t\t<div\t\tclass=\"sc_title sc_title_default\" ><h4 class=\"sc_item_title sc_title_title sc_item_title_style_default sc_item_title_tag\"\n\t\t\t><span class=\"sc_item_title_text2\">Aktivit\u00e4ten<\/span><span class=\"sc_item_title_text\"> im Projekt<\/span><\/h4><\/div>\t\t\t\t<\/div>\n\t\t\t\t<\/div>\n\t\t\t\t<div class=\"elementor-element elementor-element-10f7037 sc_fly_static elementor-widget elementor-widget-text-editor\" data-id=\"10f7037\" data-element_type=\"widget\" data-widget_type=\"text-editor.default\">\n\t\t\t\t<div class=\"elementor-widget-container\">\n\t\t\t\t\t\t\t\t\t<p><span style=\"font-weight: 400;\">Terra Littera wird das Pilotprojekt Nr. 1 leiten, das 205 Hektar Land umfasst, die in zwei Parzellen aufgeteilt und mit Kreisberegnungssystemen ausgestattet sind.\u00a0<\/span><\/p><p><span style=\"font-weight: 400;\">Genauer wird Terra sowohl bestehende als auch neue Praktiken aus gesellschaftlicher, regulatorischer und technologischer Sicht bewerten und gleichzeitig die Voraussetzungen f\u00fcr eine m\u00f6gliche Einf\u00fchrung und Nutzung der innovativen L\u00f6sungen beurteilen. Sie werden eine Wissensgemeinschaft und gemeinsame Ziele unter den beteiligten Akteuren f\u00f6rdern, Bew\u00e4sserungs- und D\u00fcngesysteme in Pilotproduktionsprozesse integrieren und Erkenntnisse und Mechanismen f\u00fcr eine sichere und umweltvertr\u00e4gliche Nutzung von Kl\u00e4rschlamm und anderen Bioabfallstr\u00f6men entwickeln. Dar\u00fcber hinaus werden sie innovative Bew\u00e4sserungssysteme demonstrieren und validieren und ihre sozio\u00f6konomischen, \u00f6kologischen und gesundheitlichen Auswirkungen bewerten.<\/span><\/p>\t\t\t\t\t\t\t\t<\/div>\n\t\t\t\t<\/div>\n\t\t\t\t<\/div>\n\t\t\t\t\t<\/div>\n\t\t\t\t<\/div>\n\t\t\t\t<\/div>","protected":false},"excerpt":{"rendered":"<p>Country: Serbia Short name: TL Full name: TERRA LITTERA DOO Website: terraconsulting.rs About the partner Terra Consulting is a consulting firm specialized in providing advisory services in the field of&hellip;<\/p>","protected":false},"author":1,"featured_media":0,"parent":2337,"menu_order":4,"comment_status":"closed","ping_status":"closed","template":"","meta":{"iawp_total_views":21,"footnotes":""},"class_list":["post-9043","page","type-page","status-publish","hentry"],"_links":{"self":[{"href":"https:\/\/georgia-horizon.eu\/de\/wp-json\/wp\/v2\/pages\/9043","targetHints":{"allow":["GET"]}}],"collection":[{"href":"https:\/\/georgia-horizon.eu\/de\/wp-json\/wp\/v2\/pages"}],"about":[{"href":"https:\/\/georgia-horizon.eu\/de\/wp-json\/wp\/v2\/types\/page"}],"author":[{"embeddable":true,"href":"https:\/\/georgia-horizon.eu\/de\/wp-json\/wp\/v2\/users\/1"}],"replies":[{"embeddable":true,"href":"https:\/\/georgia-horizon.eu\/de\/wp-json\/wp\/v2\/comments?post=9043"}],"version-history":[{"count":0,"href":"https:\/\/georgia-horizon.eu\/de\/wp-json\/wp\/v2\/pages\/9043\/revisions"}],"up":[{"embeddable":true,"href":"https:\/\/georgia-horizon.eu\/de\/wp-json\/wp\/v2\/pages\/2337"}],"wp:attachment":[{"href":"https:\/\/georgia-horizon.eu\/de\/wp-json\/wp\/v2\/media?parent=9043"}],"curies":[{"name":"wp","href":"https:\/\/api.w.org\/{rel}","templated":true}]}}