{"id":10307,"date":"2026-01-28T13:16:14","date_gmt":"2026-01-28T13:16:14","guid":{"rendered":"https:\/\/georgia-horizon.eu\/?page_id=10307"},"modified":"2026-03-13T11:12:07","modified_gmt":"2026-03-13T11:12:07","slug":"atmospheric-water-harvesting","status":"publish","type":"page","link":"https:\/\/georgia-horizon.eu\/de\/technologies\/water-optimisation-solutions\/atmospheric-water-harvesting\/","title":{"rendered":"Atmosph\u00e4rische Wassergewinnung"},"content":{"rendered":"<div data-elementor-type=\"wp-page\" data-elementor-id=\"10307\" class=\"elementor elementor-10307\" data-elementor-post-type=\"page\">\n\t\t\t\t\t\t<section class=\"elementor-section elementor-top-section elementor-element elementor-element-782fe01 elementor-section-boxed elementor-section-height-default elementor-section-height-default sc_fly_static\" data-id=\"782fe01\" data-element_type=\"section\">\n\t\t\t\t\t\t<div class=\"elementor-container elementor-column-gap-extended\">\n\t\t\t\t\t<div class=\"elementor-column elementor-col-100 elementor-top-column elementor-element elementor-element-e05e817 sc_content_align_inherit sc_layouts_column_icons_position_left sc_fly_static\" data-id=\"e05e817\" data-element_type=\"column\">\n\t\t\t<div class=\"elementor-widget-wrap elementor-element-populated\">\n\t\t\t\t\t\t<div class=\"elementor-element elementor-element-3897871 sc_fly_static elementor-widget elementor-widget-spacer\" data-id=\"3897871\" data-element_type=\"widget\" data-widget_type=\"spacer.default\">\n\t\t\t\t<div class=\"elementor-widget-container\">\n\t\t\t\t\t\t\t<div class=\"elementor-spacer\">\n\t\t\t<div class=\"elementor-spacer-inner\"><\/div>\n\t\t<\/div>\n\t\t\t\t\t\t<\/div>\n\t\t\t\t<\/div>\n\t\t\t\t\t<\/div>\n\t\t<\/div>\n\t\t\t\t\t<\/div>\n\t\t<\/section>\n\t\t<div class=\"elementor-element elementor-element-2a6cc7e scheme_teal_light e-flex e-con-boxed sc_layouts_column_icons_position_left e-con e-parent\" data-id=\"2a6cc7e\" data-element_type=\"container\">\n\t\t\t\t\t<div class=\"e-con-inner\">\n\t\t<div class=\"elementor-element elementor-element-30ed32a e-con-full e-flex sc_layouts_column_icons_position_left e-con e-child\" data-id=\"30ed32a\" data-element_type=\"container\">\n\t\t\t\t<div class=\"elementor-element elementor-element-973bf2b sc_fly_static elementor-widget elementor-widget-image\" data-id=\"973bf2b\" data-element_type=\"widget\" data-settings=\"{&quot;sticky&quot;:&quot;top&quot;,&quot;sticky_on&quot;:[&quot;desktop&quot;,&quot;tablet&quot;],&quot;sticky_parent&quot;:&quot;yes&quot;,&quot;sticky_offset&quot;:0,&quot;sticky_effects_offset&quot;:0,&quot;sticky_anchor_link_offset&quot;:0}\" data-widget_type=\"image.default\">\n\t\t\t\t<div class=\"elementor-widget-container\">\n\t\t\t\t\t\t\t\t\t\t\t\t\t\t\t<img fetchpriority=\"high\" decoding=\"async\" width=\"843\" height=\"633\" src=\"https:\/\/georgia-horizon.eu\/wp-content\/uploads\/2026\/01\/Picture1.jpg\" class=\"attachment-large size-large wp-image-10310\" alt=\"\" srcset=\"https:\/\/georgia-horizon.eu\/wp-content\/uploads\/2026\/01\/Picture1.jpg 843w, https:\/\/georgia-horizon.eu\/wp-content\/uploads\/2026\/01\/Picture1-300x225.jpg 300w, https:\/\/georgia-horizon.eu\/wp-content\/uploads\/2026\/01\/Picture1-768x577.jpg 768w, https:\/\/georgia-horizon.eu\/wp-content\/uploads\/2026\/01\/Picture1-16x12.jpg 16w, https:\/\/georgia-horizon.eu\/wp-content\/uploads\/2026\/01\/Picture1-370x278.jpg 370w, https:\/\/georgia-horizon.eu\/wp-content\/uploads\/2026\/01\/Picture1-840x631.jpg 840w, https:\/\/georgia-horizon.eu\/wp-content\/uploads\/2026\/01\/Picture1-410x308.jpg 410w\" sizes=\"(max-width: 843px) 100vw, 843px\" \/>\t\t\t\t\t\t\t\t\t\t\t\t\t\t\t<\/div>\n\t\t\t\t<\/div>\n\t\t\t\t<\/div>\n\t\t<div class=\"elementor-element elementor-element-2e03332 e-con-full e-flex sc_layouts_column_icons_position_left e-con e-child\" data-id=\"2e03332\" data-element_type=\"container\">\n\t\t\t\t<div class=\"elementor-element elementor-element-a283c3d e-transform sc_fly_static elementor-widget elementor-widget-trx_sc_title\" data-id=\"a283c3d\" data-element_type=\"widget\" data-settings=\"{&quot;_transform_translateX_effect&quot;:{&quot;unit&quot;:&quot;px&quot;,&quot;size&quot;:-195,&quot;sizes&quot;:[]},&quot;_transform_translateX_effect_tablet&quot;:{&quot;unit&quot;:&quot;px&quot;,&quot;size&quot;:0,&quot;sizes&quot;:[]},&quot;_transform_translateX_effect_mobile&quot;:{&quot;unit&quot;:&quot;px&quot;,&quot;size&quot;:&quot;&quot;,&quot;sizes&quot;:[]},&quot;_transform_translateY_effect&quot;:{&quot;unit&quot;:&quot;px&quot;,&quot;size&quot;:&quot;&quot;,&quot;sizes&quot;:[]},&quot;_transform_translateY_effect_tablet&quot;:{&quot;unit&quot;:&quot;px&quot;,&quot;size&quot;:&quot;&quot;,&quot;sizes&quot;:[]},&quot;_transform_translateY_effect_mobile&quot;:{&quot;unit&quot;:&quot;px&quot;,&quot;size&quot;:&quot;&quot;,&quot;sizes&quot;:[]}}\" data-widget_type=\"trx_sc_title.default\">\n\t\t\t\t<div class=\"elementor-widget-container\">\n\t\t\t\t\t<div\t\tclass=\"sc_title sc_title_default\" ><span class=\"sc_item_subtitle sc_title_subtitle sc_item_subtitle_above sc_item_title_style_default\"># GEORGIA Technologien<\/span><h1 class=\"sc_item_title sc_title_title sc_item_title_style_default sc_item_title_tag\"\n\t\t\t><span class=\"sc_item_title_text\">Atmosph\u00e4rische Wassergewinnung<\/span><\/h1><\/div>\t\t\t\t<\/div>\n\t\t\t\t<\/div>\n\t\t\t\t<div class=\"elementor-element elementor-element-4477f97 sc_fly_static elementor-widget elementor-widget-spacer\" data-id=\"4477f97\" data-element_type=\"widget\" data-widget_type=\"spacer.default\">\n\t\t\t\t<div class=\"elementor-widget-container\">\n\t\t\t\t\t\t\t<div class=\"elementor-spacer\">\n\t\t\t<div class=\"elementor-spacer-inner\"><\/div>\n\t\t<\/div>\n\t\t\t\t\t\t<\/div>\n\t\t\t\t<\/div>\n\t\t\t\t<div class=\"elementor-element elementor-element-6348448 elementor-widget__width-initial sc_fly_static elementor-widget elementor-widget-text-editor\" data-id=\"6348448\" data-element_type=\"widget\" data-widget_type=\"text-editor.default\">\n\t\t\t\t<div class=\"elementor-widget-container\">\n\t\t\t\t\t\t\t\t\t<p>Atmosph\u00e4rische Wasserkondensation gewinnt Feuchtigkeit aus der Luft und macht sie durch Kondensation als lokale Wasserquelle verf\u00fcgbar. Je nach Kontext kann dies passiv durch n\u00e4chtliche Strahlungsk\u00fchlung oder aktiv durch technische Kondensationssysteme in Gew\u00e4chsh\u00e4usern erreicht werden. Diese L\u00f6sungen liefern zwar kleine, aber wertvolle Mengen hochreinen Wassers, das lokal wiederverwendet werden kann. <br \/><br \/>Im Rahmen von GEORGIA wird atmosph\u00e4rische Wasserkondensation in Weinbergen und Gew\u00e4chshaussystemen erprobt, um die Bew\u00e4sserung zu erg\u00e4nzen, die Wasserverf\u00fcgbarkeit in Trockenperioden zu verbessern und in einem Fall auch die Steuerung des Gew\u00e4chshausmikroklimas zu unterst\u00fctzen.<\/p>\t\t\t\t\t\t\t\t<\/div>\n\t\t\t\t<\/div>\n\t\t\t\t<div class=\"elementor-element elementor-element-7296058 sc_fly_static elementor-widget elementor-widget-spacer\" data-id=\"7296058\" data-element_type=\"widget\" data-widget_type=\"spacer.default\">\n\t\t\t\t<div class=\"elementor-widget-container\">\n\t\t\t\t\t\t\t<div class=\"elementor-spacer\">\n\t\t\t<div class=\"elementor-spacer-inner\"><\/div>\n\t\t<\/div>\n\t\t\t\t\t\t<\/div>\n\t\t\t\t<\/div>\n\t\t\t\t<div class=\"elementor-element elementor-element-7abd96c sc_fly_static elementor-widget elementor-widget-heading\" data-id=\"7abd96c\" data-element_type=\"widget\" data-widget_type=\"heading.default\">\n\t\t\t\t<div class=\"elementor-widget-container\">\n\t\t\t\t\t<h5 class=\"elementor-heading-title elementor-size-default\">Entdecke die Technologie<\/h5>\t\t\t\t<\/div>\n\t\t\t\t<\/div>\n\t\t<div class=\"elementor-element elementor-element-bf75475 e-con-full e-flex sc_layouts_column_icons_position_left e-con e-child\" data-id=\"bf75475\" data-element_type=\"container\">\n\t\t\t\t<div class=\"elementor-element elementor-element-1e5fc89 sc_fly_static elementor-widget elementor-widget-spacer\" data-id=\"1e5fc89\" data-element_type=\"widget\" data-widget_type=\"spacer.default\">\n\t\t\t\t<div class=\"elementor-widget-container\">\n\t\t\t\t\t\t\t<div class=\"elementor-spacer\">\n\t\t\t<div class=\"elementor-spacer-inner\"><\/div>\n\t\t<\/div>\n\t\t\t\t\t\t<\/div>\n\t\t\t\t<\/div>\n\t\t\t\t<div class=\"elementor-element elementor-element-453d9e3 sc_fly_static elementor-widget elementor-widget-text-editor\" data-id=\"453d9e3\" data-element_type=\"widget\" data-widget_type=\"text-editor.default\">\n\t\t\t\t<div class=\"elementor-widget-container\">\n\t\t\t\t\t\t\t\t\t<h6>Aktive atmosph\u00e4rische Wasserkondensation zur Wasserr\u00fcckgewinnung und Mikroklimasteuerung im Gew\u00e4chshaus<\/h6><p>Eine aktive Kondensationseinheit (basierend auf einem industriellen Entfeuchter\/W\u00e4rmepumpe), die Wasser aus feuchter Gew\u00e4chshausluft zur\u00fcckgewinnt. Sie liefert destilliertes Wasser f\u00fcr den G\u00e4rtnereieinsatz und hilft gleichzeitig, die Luftfeuchtigkeit im Gew\u00e4chshaus zu regulieren und das Pilzrisiko zu senken.<\/p>\t\t\t\t\t\t\t\t<\/div>\n\t\t\t\t<\/div>\n\t\t\t\t<div class=\"elementor-element elementor-element-8ab598b sc_fly_static elementor-widget elementor-widget-spacer\" data-id=\"8ab598b\" data-element_type=\"widget\" data-widget_type=\"spacer.default\">\n\t\t\t\t<div class=\"elementor-widget-container\">\n\t\t\t\t\t\t\t<div class=\"elementor-spacer\">\n\t\t\t<div class=\"elementor-spacer-inner\"><\/div>\n\t\t<\/div>\n\t\t\t\t\t\t<\/div>\n\t\t\t\t<\/div>\n\t\t\t\t<div class=\"elementor-element elementor-element-5dfacbf sc_fly_static elementor-widget elementor-widget-trx_sc_button\" data-id=\"5dfacbf\" data-element_type=\"widget\" data-widget_type=\"trx_sc_button.default\">\n\t\t\t\t<div class=\"elementor-widget-container\">\n\t\t\t\t\t<div\tclass=\"sc_item_button sc_button_wrap\" ><a href=\"https:\/\/zenodo.org\/records\/18768166\/files\/FS2.1-10.pdf\" class=\"sc_button sc_button_slide sc_button_size_large sc_button_with_icon sc_button_icon_left color_style_link2\" target=\"_blank\"  rel=\"noopener noreferrer nofollow\"><span class=\"sc_button_icon\"><span class=\"icon-file-pdf\"><\/span><\/span><span class=\"sc_button_text sc_align_left\"><span class=\"sc_button_title\">FS2.1-10<\/span><\/span><\/a><\/div>\t\t\t\t<\/div>\n\t\t\t\t<\/div>\n\t\t\t\t<div class=\"elementor-element elementor-element-5a72860 elementor-widget-divider--view-line sc_fly_static elementor-widget elementor-widget-divider\" data-id=\"5a72860\" data-element_type=\"widget\" data-widget_type=\"divider.default\">\n\t\t\t\t<div class=\"elementor-widget-container\">\n\t\t\t\t\t\t\t<div class=\"elementor-divider\">\n\t\t\t<span class=\"elementor-divider-separator\">\n\t\t\t\t\t\t<\/span>\n\t\t<\/div>\n\t\t\t\t\t\t<\/div>\n\t\t\t\t<\/div>\n\t\t\t\t<\/div>\n\t\t<div class=\"elementor-element elementor-element-38449d1 e-con-full e-flex sc_layouts_column_icons_position_left e-con e-child\" data-id=\"38449d1\" data-element_type=\"container\">\n\t\t\t\t<div class=\"elementor-element elementor-element-fdb6aed sc_fly_static elementor-widget elementor-widget-spacer\" data-id=\"fdb6aed\" data-element_type=\"widget\" data-widget_type=\"spacer.default\">\n\t\t\t\t<div class=\"elementor-widget-container\">\n\t\t\t\t\t\t\t<div class=\"elementor-spacer\">\n\t\t\t<div class=\"elementor-spacer-inner\"><\/div>\n\t\t<\/div>\n\t\t\t\t\t\t<\/div>\n\t\t\t\t<\/div>\n\t\t\t\t<div class=\"elementor-element elementor-element-9dbc585 sc_fly_static elementor-widget elementor-widget-text-editor\" data-id=\"9dbc585\" data-element_type=\"widget\" data-widget_type=\"text-editor.default\">\n\t\t\t\t<div class=\"elementor-widget-container\">\n\t\t\t\t\t\t\t\t\t<h6>Gew\u00e4chshausintegrierte atmosph\u00e4rische Wasserkondensation f\u00fcr die G\u00e4rtnereibew\u00e4sserung<\/h6><p>Ein in Gew\u00e4chshausstrukturen integriertes passives System kondensiert unter g\u00fcnstigen Bedingungen Luftfeuchtigkeit und sammelt sie zur Wiederverwendung. Es bietet eine erg\u00e4nzende Wasserressource und unterst\u00fctzt eine verbesserte Bew\u00e4sserungswasserqualit\u00e4t f\u00fcr G\u00e4rtnereibetriebe.<\/p>\t\t\t\t\t\t\t\t<\/div>\n\t\t\t\t<\/div>\n\t\t\t\t<div class=\"elementor-element elementor-element-d766858 sc_fly_static elementor-widget elementor-widget-spacer\" data-id=\"d766858\" data-element_type=\"widget\" data-widget_type=\"spacer.default\">\n\t\t\t\t<div class=\"elementor-widget-container\">\n\t\t\t\t\t\t\t<div class=\"elementor-spacer\">\n\t\t\t<div class=\"elementor-spacer-inner\"><\/div>\n\t\t<\/div>\n\t\t\t\t\t\t<\/div>\n\t\t\t\t<\/div>\n\t\t\t\t<div class=\"elementor-element elementor-element-d8d8550 sc_fly_static elementor-widget elementor-widget-trx_sc_button\" data-id=\"d8d8550\" data-element_type=\"widget\" data-widget_type=\"trx_sc_button.default\">\n\t\t\t\t<div class=\"elementor-widget-container\">\n\t\t\t\t\t<div\tclass=\"sc_item_button sc_button_wrap\" ><a href=\"https:\/\/zenodo.org\/records\/18768188\/files\/FS2.1-11.pdf\" class=\"sc_button sc_button_slide sc_button_size_large sc_button_with_icon sc_button_icon_left color_style_link2\" target=\"_blank\"  rel=\"noopener noreferrer nofollow\"><span class=\"sc_button_icon\"><span class=\"icon-file-pdf\"><\/span><\/span><span class=\"sc_button_text sc_align_left\"><span class=\"sc_button_title\">FS2.1-11<\/span><\/span><\/a><\/div>\t\t\t\t<\/div>\n\t\t\t\t<\/div>\n\t\t\t\t<div class=\"elementor-element elementor-element-5742684 elementor-widget-divider--view-line sc_fly_static elementor-widget elementor-widget-divider\" data-id=\"5742684\" data-element_type=\"widget\" data-widget_type=\"divider.default\">\n\t\t\t\t<div class=\"elementor-widget-container\">\n\t\t\t\t\t\t\t<div class=\"elementor-divider\">\n\t\t\t<span class=\"elementor-divider-separator\">\n\t\t\t\t\t\t<\/span>\n\t\t<\/div>\n\t\t\t\t\t\t<\/div>\n\t\t\t\t<\/div>\n\t\t\t\t<\/div>\n\t\t<div class=\"elementor-element elementor-element-ec3e7d9 e-con-full e-flex sc_layouts_column_icons_position_left e-con e-child\" data-id=\"ec3e7d9\" data-element_type=\"container\">\n\t\t\t\t<div class=\"elementor-element elementor-element-40e9f41 sc_fly_static elementor-widget elementor-widget-spacer\" data-id=\"40e9f41\" data-element_type=\"widget\" data-widget_type=\"spacer.default\">\n\t\t\t\t<div class=\"elementor-widget-container\">\n\t\t\t\t\t\t\t<div class=\"elementor-spacer\">\n\t\t\t<div class=\"elementor-spacer-inner\"><\/div>\n\t\t<\/div>\n\t\t\t\t\t\t<\/div>\n\t\t\t\t<\/div>\n\t\t\t\t<div class=\"elementor-element elementor-element-5e526a1 sc_fly_static elementor-widget elementor-widget-text-editor\" data-id=\"5e526a1\" data-element_type=\"widget\" data-widget_type=\"text-editor.default\">\n\t\t\t\t<div class=\"elementor-widget-container\">\n\t\t\t\t\t\t\t\t\t<h6>Passives Taukondensationssystem f\u00fcr die erg\u00e4nzende Bew\u00e4sserung: \u201eKouloura Blume\"<\/h6><p>Ein passives Tausammelger\u00e4t, das atmosph\u00e4rische Feuchtigkeit kondensiert und das Wasser in die Wurzelzone von Weinreben leitet. Es bietet eine kleine, aber wertvolle erg\u00e4nzende Bew\u00e4sserungsunterst\u00fctzung in Trockenperioden f\u00fcr traditionell regengespeiste Weinberge.<\/p>\t\t\t\t\t\t\t\t<\/div>\n\t\t\t\t<\/div>\n\t\t\t\t<div class=\"elementor-element elementor-element-60228af sc_fly_static elementor-widget elementor-widget-spacer\" data-id=\"60228af\" data-element_type=\"widget\" data-widget_type=\"spacer.default\">\n\t\t\t\t<div class=\"elementor-widget-container\">\n\t\t\t\t\t\t\t<div class=\"elementor-spacer\">\n\t\t\t<div class=\"elementor-spacer-inner\"><\/div>\n\t\t<\/div>\n\t\t\t\t\t\t<\/div>\n\t\t\t\t<\/div>\n\t\t\t\t<div class=\"elementor-element elementor-element-147a040 sc_fly_static elementor-widget elementor-widget-trx_sc_button\" data-id=\"147a040\" data-element_type=\"widget\" data-widget_type=\"trx_sc_button.default\">\n\t\t\t\t<div class=\"elementor-widget-container\">\n\t\t\t\t\t<div\tclass=\"sc_item_button sc_button_wrap\" ><a href=\"https:\/\/zenodo.org\/records\/18768200\/files\/FS2.1-12.pdf\" class=\"sc_button sc_button_slide sc_button_size_large sc_button_with_icon sc_button_icon_left color_style_link2\" target=\"_blank\"  rel=\"noopener noreferrer nofollow\"><span class=\"sc_button_icon\"><span class=\"icon-file-pdf\"><\/span><\/span><span class=\"sc_button_text sc_align_left\"><span class=\"sc_button_title\">FS2.1-12<\/span><\/span><\/a><\/div>\t\t\t\t<\/div>\n\t\t\t\t<\/div>\n\t\t\t\t<div class=\"elementor-element elementor-element-c369673 elementor-widget-divider--view-line sc_fly_static elementor-widget elementor-widget-divider\" data-id=\"c369673\" data-element_type=\"widget\" data-widget_type=\"divider.default\">\n\t\t\t\t<div class=\"elementor-widget-container\">\n\t\t\t\t\t\t\t<div class=\"elementor-divider\">\n\t\t\t<span class=\"elementor-divider-separator\">\n\t\t\t\t\t\t<\/span>\n\t\t<\/div>\n\t\t\t\t\t\t<\/div>\n\t\t\t\t<\/div>\n\t\t\t\t<\/div>\n\t\t\t\t<div class=\"elementor-element elementor-element-1887368 sc_fly_static elementor-widget elementor-widget-spacer\" data-id=\"1887368\" data-element_type=\"widget\" data-widget_type=\"spacer.default\">\n\t\t\t\t<div class=\"elementor-widget-container\">\n\t\t\t\t\t\t\t<div class=\"elementor-spacer\">\n\t\t\t<div class=\"elementor-spacer-inner\"><\/div>\n\t\t<\/div>\n\t\t\t\t\t\t<\/div>\n\t\t\t\t<\/div>\n\t\t\t\t<\/div>\n\t\t\t\t\t<\/div>\n\t\t\t\t<\/div>\n\t\t\t\t<section class=\"elementor-section elementor-top-section elementor-element elementor-element-fd93e6d elementor-section-boxed elementor-section-height-default elementor-section-height-default sc_fly_static\" data-id=\"fd93e6d\" data-element_type=\"section\">\n\t\t\t\t\t\t<div class=\"elementor-container elementor-column-gap-extended\">\n\t\t\t\t\t<div class=\"elementor-column elementor-col-100 elementor-top-column elementor-element elementor-element-9f360eb sc_content_align_inherit sc_layouts_column_icons_position_left sc_fly_static\" data-id=\"9f360eb\" data-element_type=\"column\">\n\t\t\t<div class=\"elementor-widget-wrap elementor-element-populated\">\n\t\t\t\t\t\t<div class=\"elementor-element elementor-element-b6da2b4 sc_layouts_hide_on_notebook sc_layouts_hide_on_tablet sc_layouts_hide_on_mobile sc_fly_static elementor-widget elementor-widget-spacer\" data-id=\"b6da2b4\" data-element_type=\"widget\" data-widget_type=\"spacer.default\">\n\t\t\t\t<div class=\"elementor-widget-container\">\n\t\t\t\t\t\t\t<div class=\"elementor-spacer\">\n\t\t\t<div class=\"elementor-spacer-inner\"><\/div>\n\t\t<\/div>\n\t\t\t\t\t\t<\/div>\n\t\t\t\t<\/div>\n\t\t\t\t\t<\/div>\n\t\t<\/div>\n\t\t\t\t\t<\/div>\n\t\t<\/section>\n\t\t\t\t<\/div>","protected":false},"excerpt":{"rendered":"<p># GEORGIA TECHNOLOGIES Atmospheric Water Harvesting Atmospheric water condensation captures moisture from the air and makes it available as a local water source through condensation. Depending on the context, this&hellip;<\/p>","protected":false},"author":1,"featured_media":0,"parent":10219,"menu_order":3,"comment_status":"closed","ping_status":"closed","template":"","meta":{"iawp_total_views":48,"footnotes":""},"class_list":["post-10307","page","type-page","status-publish","hentry"],"_links":{"self":[{"href":"https:\/\/georgia-horizon.eu\/de\/wp-json\/wp\/v2\/pages\/10307","targetHints":{"allow":["GET"]}}],"collection":[{"href":"https:\/\/georgia-horizon.eu\/de\/wp-json\/wp\/v2\/pages"}],"about":[{"href":"https:\/\/georgia-horizon.eu\/de\/wp-json\/wp\/v2\/types\/page"}],"author":[{"embeddable":true,"href":"https:\/\/georgia-horizon.eu\/de\/wp-json\/wp\/v2\/users\/1"}],"replies":[{"embeddable":true,"href":"https:\/\/georgia-horizon.eu\/de\/wp-json\/wp\/v2\/comments?post=10307"}],"version-history":[{"count":10,"href":"https:\/\/georgia-horizon.eu\/de\/wp-json\/wp\/v2\/pages\/10307\/revisions"}],"predecessor-version":[{"id":10468,"href":"https:\/\/georgia-horizon.eu\/de\/wp-json\/wp\/v2\/pages\/10307\/revisions\/10468"}],"up":[{"embeddable":true,"href":"https:\/\/georgia-horizon.eu\/de\/wp-json\/wp\/v2\/pages\/10219"}],"wp:attachment":[{"href":"https:\/\/georgia-horizon.eu\/de\/wp-json\/wp\/v2\/media?parent=10307"}],"curies":[{"name":"wp","href":"https:\/\/api.w.org\/{rel}","templated":true}]}}