{"id":10301,"date":"2026-01-28T13:06:27","date_gmt":"2026-01-28T13:06:27","guid":{"rendered":"https:\/\/georgia-horizon.eu\/?page_id=10301"},"modified":"2026-03-13T11:02:06","modified_gmt":"2026-03-13T11:02:06","slug":"rainwater-reuse","status":"publish","type":"page","link":"https:\/\/georgia-horizon.eu\/de\/technologies\/water-optimisation-solutions\/rainwater-reuse\/","title":{"rendered":"Regenwassernutzung"},"content":{"rendered":"<div data-elementor-type=\"wp-page\" data-elementor-id=\"10301\" class=\"elementor elementor-10301\" data-elementor-post-type=\"page\">\n\t\t\t\t\t\t<section class=\"elementor-section elementor-top-section elementor-element elementor-element-782fe01 elementor-section-boxed elementor-section-height-default elementor-section-height-default sc_fly_static\" data-id=\"782fe01\" data-element_type=\"section\">\n\t\t\t\t\t\t<div class=\"elementor-container elementor-column-gap-extended\">\n\t\t\t\t\t<div class=\"elementor-column elementor-col-100 elementor-top-column elementor-element elementor-element-e05e817 sc_content_align_inherit sc_layouts_column_icons_position_left sc_fly_static\" data-id=\"e05e817\" data-element_type=\"column\">\n\t\t\t<div class=\"elementor-widget-wrap elementor-element-populated\">\n\t\t\t\t\t\t<div class=\"elementor-element elementor-element-3897871 sc_fly_static elementor-widget elementor-widget-spacer\" data-id=\"3897871\" data-element_type=\"widget\" data-widget_type=\"spacer.default\">\n\t\t\t\t<div class=\"elementor-widget-container\">\n\t\t\t\t\t\t\t<div class=\"elementor-spacer\">\n\t\t\t<div class=\"elementor-spacer-inner\"><\/div>\n\t\t<\/div>\n\t\t\t\t\t\t<\/div>\n\t\t\t\t<\/div>\n\t\t\t\t\t<\/div>\n\t\t<\/div>\n\t\t\t\t\t<\/div>\n\t\t<\/section>\n\t\t<div class=\"elementor-element elementor-element-2a6cc7e scheme_teal_light e-flex e-con-boxed sc_layouts_column_icons_position_left e-con e-parent\" data-id=\"2a6cc7e\" data-element_type=\"container\">\n\t\t\t\t\t<div class=\"e-con-inner\">\n\t\t<div class=\"elementor-element elementor-element-30ed32a e-con-full e-flex sc_layouts_column_icons_position_left e-con e-child\" data-id=\"30ed32a\" data-element_type=\"container\">\n\t\t\t\t<div class=\"elementor-element elementor-element-f79aee6 sc_fly_static elementor-widget elementor-widget-image\" data-id=\"f79aee6\" data-element_type=\"widget\" data-settings=\"{&quot;sticky&quot;:&quot;top&quot;,&quot;sticky_on&quot;:[&quot;desktop&quot;,&quot;tablet&quot;],&quot;sticky_parent&quot;:&quot;yes&quot;,&quot;sticky_offset&quot;:0,&quot;sticky_effects_offset&quot;:0,&quot;sticky_anchor_link_offset&quot;:0}\" data-widget_type=\"image.default\">\n\t\t\t\t<div class=\"elementor-widget-container\">\n\t\t\t\t\t\t\t\t\t\t\t\t\t\t\t<img fetchpriority=\"high\" decoding=\"async\" width=\"386\" height=\"504\" src=\"https:\/\/georgia-horizon.eu\/wp-content\/uploads\/2026\/01\/Rainwater-reuse-img2.jpg\" class=\"attachment-large size-large wp-image-10303\" alt=\"\" srcset=\"https:\/\/georgia-horizon.eu\/wp-content\/uploads\/2026\/01\/Rainwater-reuse-img2.jpg 386w, https:\/\/georgia-horizon.eu\/wp-content\/uploads\/2026\/01\/Rainwater-reuse-img2-230x300.jpg 230w, https:\/\/georgia-horizon.eu\/wp-content\/uploads\/2026\/01\/Rainwater-reuse-img2-9x12.jpg 9w, https:\/\/georgia-horizon.eu\/wp-content\/uploads\/2026\/01\/Rainwater-reuse-img2-370x483.jpg 370w\" sizes=\"(max-width: 600px) 100vw, 386px\" \/>\t\t\t\t\t\t\t\t\t\t\t\t\t\t\t<\/div>\n\t\t\t\t<\/div>\n\t\t\t\t<\/div>\n\t\t<div class=\"elementor-element elementor-element-2e03332 e-con-full e-flex sc_layouts_column_icons_position_left e-con e-child\" data-id=\"2e03332\" data-element_type=\"container\">\n\t\t\t\t<div class=\"elementor-element elementor-element-a283c3d e-transform sc_fly_static elementor-widget elementor-widget-trx_sc_title\" data-id=\"a283c3d\" data-element_type=\"widget\" data-settings=\"{&quot;_transform_translateX_effect&quot;:{&quot;unit&quot;:&quot;px&quot;,&quot;size&quot;:-195,&quot;sizes&quot;:[]},&quot;_transform_translateX_effect_tablet&quot;:{&quot;unit&quot;:&quot;px&quot;,&quot;size&quot;:0,&quot;sizes&quot;:[]},&quot;_transform_translateX_effect_mobile&quot;:{&quot;unit&quot;:&quot;px&quot;,&quot;size&quot;:&quot;&quot;,&quot;sizes&quot;:[]},&quot;_transform_translateY_effect&quot;:{&quot;unit&quot;:&quot;px&quot;,&quot;size&quot;:&quot;&quot;,&quot;sizes&quot;:[]},&quot;_transform_translateY_effect_tablet&quot;:{&quot;unit&quot;:&quot;px&quot;,&quot;size&quot;:&quot;&quot;,&quot;sizes&quot;:[]},&quot;_transform_translateY_effect_mobile&quot;:{&quot;unit&quot;:&quot;px&quot;,&quot;size&quot;:&quot;&quot;,&quot;sizes&quot;:[]}}\" data-widget_type=\"trx_sc_title.default\">\n\t\t\t\t<div class=\"elementor-widget-container\">\n\t\t\t\t\t<div\t\tclass=\"sc_title sc_title_default\" ><span class=\"sc_item_subtitle sc_title_subtitle sc_item_subtitle_above sc_item_title_style_default\"># GEORGIA Technologien<\/span><h1 class=\"sc_item_title sc_title_title sc_item_title_style_default sc_item_title_tag\"\n\t\t\t><span class=\"sc_item_title_text\">Regenwassernutzung <\/span><\/h1><\/div>\t\t\t\t<\/div>\n\t\t\t\t<\/div>\n\t\t\t\t<div class=\"elementor-element elementor-element-4477f97 sc_fly_static elementor-widget elementor-widget-spacer\" data-id=\"4477f97\" data-element_type=\"widget\" data-widget_type=\"spacer.default\">\n\t\t\t\t<div class=\"elementor-widget-container\">\n\t\t\t\t\t\t\t<div class=\"elementor-spacer\">\n\t\t\t<div class=\"elementor-spacer-inner\"><\/div>\n\t\t<\/div>\n\t\t\t\t\t\t<\/div>\n\t\t\t\t<\/div>\n\t\t\t\t<div class=\"elementor-element elementor-element-6348448 elementor-widget__width-initial sc_fly_static elementor-widget elementor-widget-text-editor\" data-id=\"6348448\" data-element_type=\"widget\" data-widget_type=\"text-editor.default\">\n\t\t\t\t<div class=\"elementor-widget-container\">\n\t\t\t\t\t\t\t\t\t<p>Regenwasser ist eine wertvolle lokale Ressource, die aufgefangen und wiederverwendet werden kann, um die Bew\u00e4sserung zu unterst\u00fctzen und die Wasserverf\u00fcgbarkeit in der Landwirtschaft zu verbessern. Regenwassersammelsysteme erfassen Niederschlagsabfluss von Dachfl\u00e4chen von landwirtschaftlichen Geb\u00e4uden, Gew\u00e4chsh\u00e4usern und Lagerhallen, speichern diesen in Tanks und stellen ihn so f\u00fcr sp\u00e4tere Bew\u00e4sserung bereit. So lassen sich Niederschlagsschwankungen abpuffern und der Druck auf Grundwasser- und Oberfl\u00e4chenwasserquellen verringern. \u00dcber D\u00e4cher hinaus erfassen landschaftsgestaltende Ma\u00dfnahmen wie Feldrandgr\u00e4ben, Terrassen, R\u00fcckhalteteiche und Mikro-Einzugsbereiche den Oberfl\u00e4chenabfluss direkt auf Feldern und in Obstg\u00e4rten, verlangsamen den Wasserfluss und verbessern die Infiltration sowie die Wasserverf\u00fcgbarkeit im Wurzelbereich.<\/p><p>In GEORGIA werden diese Technologien und naturbasierten Ans\u00e4tze kombiniert, um oberfl\u00e4chenabflussbedingte Verluste sowie Erosion zu vermindern, und damit die Resilienz unterschiedlicher Landwirtschaftssysteme gegen\u00fcber Trockenheit zu erh\u00f6hen.<\/p>\t\t\t\t\t\t\t\t<\/div>\n\t\t\t\t<\/div>\n\t\t\t\t<div class=\"elementor-element elementor-element-7296058 sc_fly_static elementor-widget elementor-widget-spacer\" data-id=\"7296058\" data-element_type=\"widget\" data-widget_type=\"spacer.default\">\n\t\t\t\t<div class=\"elementor-widget-container\">\n\t\t\t\t\t\t\t<div class=\"elementor-spacer\">\n\t\t\t<div class=\"elementor-spacer-inner\"><\/div>\n\t\t<\/div>\n\t\t\t\t\t\t<\/div>\n\t\t\t\t<\/div>\n\t\t\t\t<div class=\"elementor-element elementor-element-7abd96c sc_fly_static elementor-widget elementor-widget-heading\" data-id=\"7abd96c\" data-element_type=\"widget\" data-widget_type=\"heading.default\">\n\t\t\t\t<div class=\"elementor-widget-container\">\n\t\t\t\t\t<h5 class=\"elementor-heading-title elementor-size-default\">Entdecke die Technologie<\/h5>\t\t\t\t<\/div>\n\t\t\t\t<\/div>\n\t\t<div class=\"elementor-element elementor-element-c3d009f e-con-full e-flex sc_layouts_column_icons_position_left e-con e-child\" data-id=\"c3d009f\" data-element_type=\"container\">\n\t\t\t\t<div class=\"elementor-element elementor-element-7a02a10 sc_fly_static elementor-widget elementor-widget-spacer\" data-id=\"7a02a10\" data-element_type=\"widget\" data-widget_type=\"spacer.default\">\n\t\t\t\t<div class=\"elementor-widget-container\">\n\t\t\t\t\t\t\t<div class=\"elementor-spacer\">\n\t\t\t<div class=\"elementor-spacer-inner\"><\/div>\n\t\t<\/div>\n\t\t\t\t\t\t<\/div>\n\t\t\t\t<\/div>\n\t\t\t\t<div class=\"elementor-element elementor-element-d7d5739 sc_fly_static elementor-widget elementor-widget-text-editor\" data-id=\"d7d5739\" data-element_type=\"widget\" data-widget_type=\"text-editor.default\">\n\t\t\t\t<div class=\"elementor-widget-container\">\n\t\t\t\t\t\t\t\t\t<h6>Innovative Sammlung und Speicherung von Regenwasser von Dachfl\u00e4chen<\/h6><p>Eine einfache L\u00f6sung um Regenwasser von Dachfl\u00e4chen zu sammeln und in Tanks f\u00fcr eine sp\u00e4tere Nutzung wie Bew\u00e4sserung zu speichern. Damit wird ein Puffer f\u00fcr Wasserressourcen in Trockenperioden und f\u00fcr Abflussspitzen bei Starkniederschl\u00e4gen gebioten.<\/p>\t\t\t\t\t\t\t\t<\/div>\n\t\t\t\t<\/div>\n\t\t\t\t<div class=\"elementor-element elementor-element-101b919 sc_fly_static elementor-widget elementor-widget-spacer\" data-id=\"101b919\" data-element_type=\"widget\" data-widget_type=\"spacer.default\">\n\t\t\t\t<div class=\"elementor-widget-container\">\n\t\t\t\t\t\t\t<div class=\"elementor-spacer\">\n\t\t\t<div class=\"elementor-spacer-inner\"><\/div>\n\t\t<\/div>\n\t\t\t\t\t\t<\/div>\n\t\t\t\t<\/div>\n\t\t\t\t<div class=\"elementor-element elementor-element-5dfacbf sc_fly_static elementor-widget elementor-widget-trx_sc_button\" data-id=\"5dfacbf\" data-element_type=\"widget\" data-widget_type=\"trx_sc_button.default\">\n\t\t\t\t<div class=\"elementor-widget-container\">\n\t\t\t\t\t<div\tclass=\"sc_item_button sc_button_wrap\" ><a href=\"https:\/\/zenodo.org\/records\/18767703\/files\/FS2.1-05.pdf\" class=\"sc_button sc_button_slide sc_button_size_large sc_button_with_icon sc_button_icon_left color_style_link2\" target=\"_blank\"  rel=\"noopener noreferrer nofollow\"><span class=\"sc_button_icon\"><span class=\"icon-file-pdf\"><\/span><\/span><span class=\"sc_button_text sc_align_left\"><span class=\"sc_button_title\">FS2.1-05<\/span><\/span><\/a><\/div>\t\t\t\t<\/div>\n\t\t\t\t<\/div>\n\t\t\t\t<div class=\"elementor-element elementor-element-d670507 elementor-widget-divider--view-line sc_fly_static elementor-widget elementor-widget-divider\" data-id=\"d670507\" data-element_type=\"widget\" data-widget_type=\"divider.default\">\n\t\t\t\t<div class=\"elementor-widget-container\">\n\t\t\t\t\t\t\t<div class=\"elementor-divider\">\n\t\t\t<span class=\"elementor-divider-separator\">\n\t\t\t\t\t\t<\/span>\n\t\t<\/div>\n\t\t\t\t\t\t<\/div>\n\t\t\t\t<\/div>\n\t\t\t\t<\/div>\n\t\t<div class=\"elementor-element elementor-element-b62d00e e-con-full e-flex sc_layouts_column_icons_position_left e-con e-child\" data-id=\"b62d00e\" data-element_type=\"container\">\n\t\t\t\t<div class=\"elementor-element elementor-element-9210ab5 sc_fly_static elementor-widget elementor-widget-spacer\" data-id=\"9210ab5\" data-element_type=\"widget\" data-widget_type=\"spacer.default\">\n\t\t\t\t<div class=\"elementor-widget-container\">\n\t\t\t\t\t\t\t<div class=\"elementor-spacer\">\n\t\t\t<div class=\"elementor-spacer-inner\"><\/div>\n\t\t<\/div>\n\t\t\t\t\t\t<\/div>\n\t\t\t\t<\/div>\n\t\t\t\t<div class=\"elementor-element elementor-element-6d17fa6 sc_fly_static elementor-widget elementor-widget-text-editor\" data-id=\"6d17fa6\" data-element_type=\"widget\" data-widget_type=\"text-editor.default\">\n\t\t\t\t<div class=\"elementor-widget-container\">\n\t\t\t\t\t\t\t\t\t<h6>Feldrandgr\u00e4ben zur Abflusserfassung, -speicherung und Wiederverwendung vor Ort f\u00fcr Bew\u00e4sserung<\/h6><p>Feldrandgr\u00e4ben oder Mulden erfassen und speichern Abfluss aus Starkregenereignissen zur Wiederverwendung in der Bew\u00e4sserung. Der Ansatz hilft, Erosion und unkontrollierten Abfluss zu reduzieren und gleichzeitig die betriebliche Wasserverf\u00fcgbarkeit zu verbessern.<\/p>\t\t\t\t\t\t\t\t<\/div>\n\t\t\t\t<\/div>\n\t\t\t\t<div class=\"elementor-element elementor-element-0db48d8 sc_fly_static elementor-widget elementor-widget-spacer\" data-id=\"0db48d8\" data-element_type=\"widget\" data-widget_type=\"spacer.default\">\n\t\t\t\t<div class=\"elementor-widget-container\">\n\t\t\t\t\t\t\t<div class=\"elementor-spacer\">\n\t\t\t<div class=\"elementor-spacer-inner\"><\/div>\n\t\t<\/div>\n\t\t\t\t\t\t<\/div>\n\t\t\t\t<\/div>\n\t\t\t\t<div class=\"elementor-element elementor-element-21986bc sc_fly_static elementor-widget elementor-widget-trx_sc_button\" data-id=\"21986bc\" data-element_type=\"widget\" data-widget_type=\"trx_sc_button.default\">\n\t\t\t\t<div class=\"elementor-widget-container\">\n\t\t\t\t\t<div\tclass=\"sc_item_button sc_button_wrap\" ><a href=\"https:\/\/zenodo.org\/records\/18767722\/files\/FS2.1-06.pdf\" class=\"sc_button sc_button_slide sc_button_size_large sc_button_with_icon sc_button_icon_left color_style_link2\" target=\"_blank\"  rel=\"noopener noreferrer nofollow\"><span class=\"sc_button_icon\"><span class=\"icon-file-pdf\"><\/span><\/span><span class=\"sc_button_text sc_align_left\"><span class=\"sc_button_title\">FS2.1-06<\/span><\/span><\/a><\/div>\t\t\t\t<\/div>\n\t\t\t\t<\/div>\n\t\t\t\t<div class=\"elementor-element elementor-element-05b8250 elementor-widget-divider--view-line sc_fly_static elementor-widget elementor-widget-divider\" data-id=\"05b8250\" data-element_type=\"widget\" data-widget_type=\"divider.default\">\n\t\t\t\t<div class=\"elementor-widget-container\">\n\t\t\t\t\t\t\t<div class=\"elementor-divider\">\n\t\t\t<span class=\"elementor-divider-separator\">\n\t\t\t\t\t\t<\/span>\n\t\t<\/div>\n\t\t\t\t\t\t<\/div>\n\t\t\t\t<\/div>\n\t\t\t\t<\/div>\n\t\t<div class=\"elementor-element elementor-element-54201f8 e-con-full e-flex sc_layouts_column_icons_position_left e-con e-child\" data-id=\"54201f8\" data-element_type=\"container\">\n\t\t\t\t<div class=\"elementor-element elementor-element-b3e7855 sc_fly_static elementor-widget elementor-widget-spacer\" data-id=\"b3e7855\" data-element_type=\"widget\" data-widget_type=\"spacer.default\">\n\t\t\t\t<div class=\"elementor-widget-container\">\n\t\t\t\t\t\t\t<div class=\"elementor-spacer\">\n\t\t\t<div class=\"elementor-spacer-inner\"><\/div>\n\t\t<\/div>\n\t\t\t\t\t\t<\/div>\n\t\t\t\t<\/div>\n\t\t\t\t<div class=\"elementor-element elementor-element-de33810 sc_fly_static elementor-widget elementor-widget-text-editor\" data-id=\"de33810\" data-element_type=\"widget\" data-widget_type=\"text-editor.default\">\n\t\t\t\t<div class=\"elementor-widget-container\">\n\t\t\t\t\t\t\t\t\t<h6>Erdterrassen und R\u00fcckhalteteiche zur Abflusserfassung, Infiltration, Speicherung und Wiederverwendung<\/h6><p>Terrassen und R\u00fcckhalteteiche verlangsamen, speichern und infiltrieren Abfluss in Hanglagen, erh\u00f6hen die Bodenfeuchte und stellen gespeichertes Wasser f\u00fcr die Bew\u00e4sserung bereit. Die L\u00f6sung hilft zudem, Erosion zu begrenzen und Sedimente sowie N\u00e4hrstoffe auf der Fl\u00e4che zu halten.<\/p>\t\t\t\t\t\t\t\t<\/div>\n\t\t\t\t<\/div>\n\t\t\t\t<div class=\"elementor-element elementor-element-47e1f44 sc_fly_static elementor-widget elementor-widget-spacer\" data-id=\"47e1f44\" data-element_type=\"widget\" data-widget_type=\"spacer.default\">\n\t\t\t\t<div class=\"elementor-widget-container\">\n\t\t\t\t\t\t\t<div class=\"elementor-spacer\">\n\t\t\t<div class=\"elementor-spacer-inner\"><\/div>\n\t\t<\/div>\n\t\t\t\t\t\t<\/div>\n\t\t\t\t<\/div>\n\t\t\t\t<div class=\"elementor-element elementor-element-6aebaeb sc_fly_static elementor-widget elementor-widget-trx_sc_button\" data-id=\"6aebaeb\" data-element_type=\"widget\" data-widget_type=\"trx_sc_button.default\">\n\t\t\t\t<div class=\"elementor-widget-container\">\n\t\t\t\t\t<div\tclass=\"sc_item_button sc_button_wrap\" ><a href=\"https:\/\/zenodo.org\/records\/18768076\/files\/FS2.1-08.pdf\" class=\"sc_button sc_button_slide sc_button_size_large sc_button_with_icon sc_button_icon_left color_style_link2\" target=\"_blank\"  rel=\"noopener noreferrer nofollow\"><span class=\"sc_button_icon\"><span class=\"icon-file-pdf\"><\/span><\/span><span class=\"sc_button_text sc_align_left\"><span class=\"sc_button_title\">FS2.1-08<\/span><\/span><\/a><\/div>\t\t\t\t<\/div>\n\t\t\t\t<\/div>\n\t\t\t\t<div class=\"elementor-element elementor-element-a38e4bb elementor-widget-divider--view-line sc_fly_static elementor-widget elementor-widget-divider\" data-id=\"a38e4bb\" data-element_type=\"widget\" data-widget_type=\"divider.default\">\n\t\t\t\t<div class=\"elementor-widget-container\">\n\t\t\t\t\t\t\t<div class=\"elementor-divider\">\n\t\t\t<span class=\"elementor-divider-separator\">\n\t\t\t\t\t\t<\/span>\n\t\t<\/div>\n\t\t\t\t\t\t<\/div>\n\t\t\t\t<\/div>\n\t\t\t\t<\/div>\n\t\t<div class=\"elementor-element elementor-element-5da5127 e-con-full e-flex sc_layouts_column_icons_position_left e-con e-child\" data-id=\"5da5127\" data-element_type=\"container\">\n\t\t\t\t<div class=\"elementor-element elementor-element-3903b5a sc_fly_static elementor-widget elementor-widget-spacer\" data-id=\"3903b5a\" data-element_type=\"widget\" data-widget_type=\"spacer.default\">\n\t\t\t\t<div class=\"elementor-widget-container\">\n\t\t\t\t\t\t\t<div class=\"elementor-spacer\">\n\t\t\t<div class=\"elementor-spacer-inner\"><\/div>\n\t\t<\/div>\n\t\t\t\t\t\t<\/div>\n\t\t\t\t<\/div>\n\t\t\t\t<div class=\"elementor-element elementor-element-fee0375 sc_fly_static elementor-widget elementor-widget-text-editor\" data-id=\"fee0375\" data-element_type=\"widget\" data-widget_type=\"text-editor.default\">\n\t\t\t\t<div class=\"elementor-widget-container\">\n\t\t\t\t\t\t\t\t\t<h6>Landschaftsgestaltung f\u00fcr integrierte Regenwassernutzung<\/h6><p>Halbkreisf\u00f6rmige \u201eHalbmond\"-Becken sammeln Regen- und Abflusswasser rund um B\u00e4ume oder Str\u00e4ucher, um Infiltration und Wurzelzonenfeuchtigkeit zu f\u00f6rdern. Es handelt sich um eine kosteng\u00fcnstige Option f\u00fcr trockene Klimazonen, die Resilienz gegen\u00fcber Trockenheit verbessert und den Bew\u00e4sserungsbedarf senkt.<\/p>\t\t\t\t\t\t\t\t<\/div>\n\t\t\t\t<\/div>\n\t\t\t\t<div class=\"elementor-element elementor-element-85c9027 sc_fly_static elementor-widget elementor-widget-spacer\" data-id=\"85c9027\" data-element_type=\"widget\" data-widget_type=\"spacer.default\">\n\t\t\t\t<div class=\"elementor-widget-container\">\n\t\t\t\t\t\t\t<div class=\"elementor-spacer\">\n\t\t\t<div class=\"elementor-spacer-inner\"><\/div>\n\t\t<\/div>\n\t\t\t\t\t\t<\/div>\n\t\t\t\t<\/div>\n\t\t\t\t<div class=\"elementor-element elementor-element-e5b6020 sc_fly_static elementor-widget elementor-widget-trx_sc_button\" data-id=\"e5b6020\" data-element_type=\"widget\" data-widget_type=\"trx_sc_button.default\">\n\t\t\t\t<div class=\"elementor-widget-container\">\n\t\t\t\t\t<div\tclass=\"sc_item_button sc_button_wrap\" ><a href=\"https:\/\/zenodo.org\/records\/18768156\/files\/FS2.1-09.pdf\" class=\"sc_button sc_button_slide sc_button_size_large sc_button_with_icon sc_button_icon_left color_style_link2\" target=\"_blank\"  rel=\"noopener noreferrer nofollow\"><span class=\"sc_button_icon\"><span class=\"icon-file-pdf\"><\/span><\/span><span class=\"sc_button_text sc_align_left\"><span class=\"sc_button_title\">FS2.1-09<\/span><\/span><\/a><\/div>\t\t\t\t<\/div>\n\t\t\t\t<\/div>\n\t\t\t\t<div class=\"elementor-element elementor-element-e9f098d elementor-widget-divider--view-line sc_fly_static elementor-widget elementor-widget-divider\" data-id=\"e9f098d\" data-element_type=\"widget\" data-widget_type=\"divider.default\">\n\t\t\t\t<div class=\"elementor-widget-container\">\n\t\t\t\t\t\t\t<div class=\"elementor-divider\">\n\t\t\t<span class=\"elementor-divider-separator\">\n\t\t\t\t\t\t<\/span>\n\t\t<\/div>\n\t\t\t\t\t\t<\/div>\n\t\t\t\t<\/div>\n\t\t\t\t<\/div>\n\t\t\t\t<div class=\"elementor-element elementor-element-1887368 sc_fly_static elementor-widget elementor-widget-spacer\" data-id=\"1887368\" data-element_type=\"widget\" data-widget_type=\"spacer.default\">\n\t\t\t\t<div class=\"elementor-widget-container\">\n\t\t\t\t\t\t\t<div class=\"elementor-spacer\">\n\t\t\t<div class=\"elementor-spacer-inner\"><\/div>\n\t\t<\/div>\n\t\t\t\t\t\t<\/div>\n\t\t\t\t<\/div>\n\t\t\t\t<\/div>\n\t\t\t\t\t<\/div>\n\t\t\t\t<\/div>\n\t\t\t\t<section class=\"elementor-section elementor-top-section elementor-element elementor-element-fd93e6d elementor-section-boxed elementor-section-height-default elementor-section-height-default sc_fly_static\" data-id=\"fd93e6d\" data-element_type=\"section\">\n\t\t\t\t\t\t<div class=\"elementor-container elementor-column-gap-extended\">\n\t\t\t\t\t<div class=\"elementor-column elementor-col-100 elementor-top-column elementor-element elementor-element-9f360eb sc_content_align_inherit sc_layouts_column_icons_position_left sc_fly_static\" data-id=\"9f360eb\" data-element_type=\"column\">\n\t\t\t<div class=\"elementor-widget-wrap elementor-element-populated\">\n\t\t\t\t\t\t<div class=\"elementor-element elementor-element-b6da2b4 sc_layouts_hide_on_notebook sc_layouts_hide_on_tablet sc_layouts_hide_on_mobile sc_fly_static elementor-widget elementor-widget-spacer\" data-id=\"b6da2b4\" data-element_type=\"widget\" data-widget_type=\"spacer.default\">\n\t\t\t\t<div class=\"elementor-widget-container\">\n\t\t\t\t\t\t\t<div class=\"elementor-spacer\">\n\t\t\t<div class=\"elementor-spacer-inner\"><\/div>\n\t\t<\/div>\n\t\t\t\t\t\t<\/div>\n\t\t\t\t<\/div>\n\t\t\t\t\t<\/div>\n\t\t<\/div>\n\t\t\t\t\t<\/div>\n\t\t<\/section>\n\t\t\t\t<\/div>","protected":false},"excerpt":{"rendered":"<p># GEORGIA TECHNOLOGIES Rainwater reuse Rainwater is a valuable local resource that can be captured and reused to support irrigation and improve water availability in agriculture. Roof-based rainwater harvesting systems&hellip;<\/p>","protected":false},"author":1,"featured_media":0,"parent":10219,"menu_order":3,"comment_status":"closed","ping_status":"closed","template":"","meta":{"iawp_total_views":49,"footnotes":""},"class_list":["post-10301","page","type-page","status-publish","hentry"],"_links":{"self":[{"href":"https:\/\/georgia-horizon.eu\/de\/wp-json\/wp\/v2\/pages\/10301","targetHints":{"allow":["GET"]}}],"collection":[{"href":"https:\/\/georgia-horizon.eu\/de\/wp-json\/wp\/v2\/pages"}],"about":[{"href":"https:\/\/georgia-horizon.eu\/de\/wp-json\/wp\/v2\/types\/page"}],"author":[{"embeddable":true,"href":"https:\/\/georgia-horizon.eu\/de\/wp-json\/wp\/v2\/users\/1"}],"replies":[{"embeddable":true,"href":"https:\/\/georgia-horizon.eu\/de\/wp-json\/wp\/v2\/comments?post=10301"}],"version-history":[{"count":13,"href":"https:\/\/georgia-horizon.eu\/de\/wp-json\/wp\/v2\/pages\/10301\/revisions"}],"predecessor-version":[{"id":10459,"href":"https:\/\/georgia-horizon.eu\/de\/wp-json\/wp\/v2\/pages\/10301\/revisions\/10459"}],"up":[{"embeddable":true,"href":"https:\/\/georgia-horizon.eu\/de\/wp-json\/wp\/v2\/pages\/10219"}],"wp:attachment":[{"href":"https:\/\/georgia-horizon.eu\/de\/wp-json\/wp\/v2\/media?parent=10301"}],"curies":[{"name":"wp","href":"https:\/\/api.w.org\/{rel}","templated":true}]}}