{"id":10291,"date":"2026-01-28T12:47:08","date_gmt":"2026-01-28T12:47:08","guid":{"rendered":"https:\/\/georgia-horizon.eu\/?page_id=10291"},"modified":"2026-03-13T10:48:25","modified_gmt":"2026-03-13T10:48:25","slug":"wastewater-and-nutrients-reuse","status":"publish","type":"page","link":"https:\/\/georgia-horizon.eu\/de\/technologies\/water-optimisation-solutions\/wastewater-and-nutrients-reuse\/","title":{"rendered":"Wiederverwendung von Abwasser und N\u00e4hrstoffen"},"content":{"rendered":"<div data-elementor-type=\"wp-page\" data-elementor-id=\"10291\" class=\"elementor elementor-10291\" data-elementor-post-type=\"page\">\n\t\t\t\t\t\t<section class=\"elementor-section elementor-top-section elementor-element elementor-element-782fe01 elementor-section-boxed elementor-section-height-default elementor-section-height-default sc_fly_static\" data-id=\"782fe01\" data-element_type=\"section\">\n\t\t\t\t\t\t<div class=\"elementor-container elementor-column-gap-extended\">\n\t\t\t\t\t<div class=\"elementor-column elementor-col-100 elementor-top-column elementor-element elementor-element-e05e817 sc_content_align_inherit sc_layouts_column_icons_position_left sc_fly_static\" data-id=\"e05e817\" data-element_type=\"column\">\n\t\t\t<div class=\"elementor-widget-wrap elementor-element-populated\">\n\t\t\t\t\t\t<div class=\"elementor-element elementor-element-3897871 sc_fly_static elementor-widget elementor-widget-spacer\" data-id=\"3897871\" data-element_type=\"widget\" data-widget_type=\"spacer.default\">\n\t\t\t\t<div class=\"elementor-widget-container\">\n\t\t\t\t\t\t\t<div class=\"elementor-spacer\">\n\t\t\t<div class=\"elementor-spacer-inner\"><\/div>\n\t\t<\/div>\n\t\t\t\t\t\t<\/div>\n\t\t\t\t<\/div>\n\t\t\t\t\t<\/div>\n\t\t<\/div>\n\t\t\t\t\t<\/div>\n\t\t<\/section>\n\t\t<div class=\"elementor-element elementor-element-2a6cc7e scheme_teal_light e-flex e-con-boxed sc_layouts_column_icons_position_left e-con e-parent\" data-id=\"2a6cc7e\" data-element_type=\"container\">\n\t\t\t\t\t<div class=\"e-con-inner\">\n\t\t<div class=\"elementor-element elementor-element-30ed32a e-con-full e-flex sc_layouts_column_icons_position_left e-con e-child\" data-id=\"30ed32a\" data-element_type=\"container\">\n\t\t\t\t<div class=\"elementor-element elementor-element-2a799c9 sc_fly_static elementor-widget elementor-widget-image\" data-id=\"2a799c9\" data-element_type=\"widget\" data-settings=\"{&quot;sticky&quot;:&quot;top&quot;,&quot;sticky_on&quot;:[&quot;desktop&quot;,&quot;tablet&quot;],&quot;sticky_parent&quot;:&quot;yes&quot;,&quot;sticky_offset&quot;:0,&quot;sticky_effects_offset&quot;:0,&quot;sticky_anchor_link_offset&quot;:0}\" data-widget_type=\"image.default\">\n\t\t\t\t<div class=\"elementor-widget-container\">\n\t\t\t\t\t\t\t\t\t\t\t\t\t\t\t<img fetchpriority=\"high\" decoding=\"async\" width=\"454\" height=\"605\" src=\"https:\/\/georgia-horizon.eu\/wp-content\/uploads\/2026\/01\/Wastewater-and-nutrients-reuse-img1.jpg\" class=\"attachment-large size-large wp-image-10294\" alt=\"\" srcset=\"https:\/\/georgia-horizon.eu\/wp-content\/uploads\/2026\/01\/Wastewater-and-nutrients-reuse-img1.jpg 454w, https:\/\/georgia-horizon.eu\/wp-content\/uploads\/2026\/01\/Wastewater-and-nutrients-reuse-img1-225x300.jpg 225w, https:\/\/georgia-horizon.eu\/wp-content\/uploads\/2026\/01\/Wastewater-and-nutrients-reuse-img1-9x12.jpg 9w, https:\/\/georgia-horizon.eu\/wp-content\/uploads\/2026\/01\/Wastewater-and-nutrients-reuse-img1-370x493.jpg 370w, https:\/\/georgia-horizon.eu\/wp-content\/uploads\/2026\/01\/Wastewater-and-nutrients-reuse-img1-410x546.jpg 410w\" sizes=\"(max-width: 600px) 100vw, 454px\" \/>\t\t\t\t\t\t\t\t\t\t\t\t\t\t\t<\/div>\n\t\t\t\t<\/div>\n\t\t\t\t<\/div>\n\t\t<div class=\"elementor-element elementor-element-2e03332 e-con-full e-flex sc_layouts_column_icons_position_left e-con e-child\" data-id=\"2e03332\" data-element_type=\"container\">\n\t\t\t\t<div class=\"elementor-element elementor-element-a283c3d e-transform sc_fly_static elementor-widget elementor-widget-trx_sc_title\" data-id=\"a283c3d\" data-element_type=\"widget\" data-settings=\"{&quot;_transform_translateX_effect&quot;:{&quot;unit&quot;:&quot;px&quot;,&quot;size&quot;:-195,&quot;sizes&quot;:[]},&quot;_transform_translateX_effect_tablet&quot;:{&quot;unit&quot;:&quot;px&quot;,&quot;size&quot;:0,&quot;sizes&quot;:[]},&quot;_transform_translateX_effect_mobile&quot;:{&quot;unit&quot;:&quot;px&quot;,&quot;size&quot;:&quot;&quot;,&quot;sizes&quot;:[]},&quot;_transform_translateY_effect&quot;:{&quot;unit&quot;:&quot;px&quot;,&quot;size&quot;:&quot;&quot;,&quot;sizes&quot;:[]},&quot;_transform_translateY_effect_tablet&quot;:{&quot;unit&quot;:&quot;px&quot;,&quot;size&quot;:&quot;&quot;,&quot;sizes&quot;:[]},&quot;_transform_translateY_effect_mobile&quot;:{&quot;unit&quot;:&quot;px&quot;,&quot;size&quot;:&quot;&quot;,&quot;sizes&quot;:[]}}\" data-widget_type=\"trx_sc_title.default\">\n\t\t\t\t<div class=\"elementor-widget-container\">\n\t\t\t\t\t<div\t\tclass=\"sc_title sc_title_default\" ><span class=\"sc_item_subtitle sc_title_subtitle sc_item_subtitle_above sc_item_title_style_default\"># GEORGIA Technologien<\/span><h1 class=\"sc_item_title sc_title_title sc_item_title_style_default sc_item_title_tag\"\n\t\t\t><span class=\"sc_item_title_text\">Wiederverwendung von Abwasser und N\u00e4hrstoffen<\/span><\/h1><\/div>\t\t\t\t<\/div>\n\t\t\t\t<\/div>\n\t\t\t\t<div class=\"elementor-element elementor-element-4477f97 sc_fly_static elementor-widget elementor-widget-spacer\" data-id=\"4477f97\" data-element_type=\"widget\" data-widget_type=\"spacer.default\">\n\t\t\t\t<div class=\"elementor-widget-container\">\n\t\t\t\t\t\t\t<div class=\"elementor-spacer\">\n\t\t\t<div class=\"elementor-spacer-inner\"><\/div>\n\t\t<\/div>\n\t\t\t\t\t\t<\/div>\n\t\t\t\t<\/div>\n\t\t\t\t<div class=\"elementor-element elementor-element-6348448 elementor-widget__width-initial sc_fly_static elementor-widget elementor-widget-text-editor\" data-id=\"6348448\" data-element_type=\"widget\" data-widget_type=\"text-editor.default\">\n\t\t\t\t<div class=\"elementor-widget-container\">\n\t\t\t\t\t\t\t\t\t<p>Behandeltes Abwasser ist eine h\u00e4ufig untersch\u00e4tzte Ressource, die eine Schl\u00fcsselrolle dabei spielen kann, Landwirtschaft widerstandsf\u00e4higer gegen\u00fcber Wasserknappheit und klimabedingtem Stress zu machen. Die sichere R\u00fcckgewinnung von Wasser und N\u00e4hrstoffen aus h\u00e4uslichem oder landwirtschaftlichem Abwasser wird durch gezielte Aufbereitungs- und Wiederverwendungssysteme und die lokale Nutzung n\u00e4hrstoffreichen Bew\u00e4sserungswassers erm\u00f6glicht. Dadurch wird der Druck auf S\u00fc\u00dfwasserressourcen sowie den Bedarf an externen D\u00fcngemitteln verringert.<\/p><p>Im Rahmen von GEORGIA werden innovative naturbasierte und zirkul\u00e4re Abwasserl\u00f6sungen demonstriert und gezeigt wie Wasser und N\u00e4hrstoffe in der N\u00e4he ihres Entstehungsorts wiederverwendet werden k\u00f6nnen. Diese Ans\u00e4tze f\u00f6rdern ein zirkul\u00e4res Wassermanagement, verbessern die Bodenfruchtbarkeit und st\u00e4rken die D\u00fcrreresistenz auf Betriebsebene \u2013 und das unter Einhaltung der geltenden Anforderungen an Wasserqualit\u00e4t und -sicherheit. <\/p>\t\t\t\t\t\t\t\t<\/div>\n\t\t\t\t<\/div>\n\t\t\t\t<div class=\"elementor-element elementor-element-7296058 sc_fly_static elementor-widget elementor-widget-spacer\" data-id=\"7296058\" data-element_type=\"widget\" data-widget_type=\"spacer.default\">\n\t\t\t\t<div class=\"elementor-widget-container\">\n\t\t\t\t\t\t\t<div class=\"elementor-spacer\">\n\t\t\t<div class=\"elementor-spacer-inner\"><\/div>\n\t\t<\/div>\n\t\t\t\t\t\t<\/div>\n\t\t\t\t<\/div>\n\t\t\t\t<div class=\"elementor-element elementor-element-7abd96c sc_fly_static elementor-widget elementor-widget-heading\" data-id=\"7abd96c\" data-element_type=\"widget\" data-widget_type=\"heading.default\">\n\t\t\t\t<div class=\"elementor-widget-container\">\n\t\t\t\t\t<h5 class=\"elementor-heading-title elementor-size-default\">Entdecke die Technologie<\/h5>\t\t\t\t<\/div>\n\t\t\t\t<\/div>\n\t\t<div class=\"elementor-element elementor-element-e35cef5 e-con-full e-flex sc_layouts_column_icons_position_left e-con e-child\" data-id=\"e35cef5\" data-element_type=\"container\">\n\t\t\t\t<div class=\"elementor-element elementor-element-1887368 sc_fly_static elementor-widget elementor-widget-spacer\" data-id=\"1887368\" data-element_type=\"widget\" data-widget_type=\"spacer.default\">\n\t\t\t\t<div class=\"elementor-widget-container\">\n\t\t\t\t\t\t\t<div class=\"elementor-spacer\">\n\t\t\t<div class=\"elementor-spacer-inner\"><\/div>\n\t\t<\/div>\n\t\t\t\t\t\t<\/div>\n\t\t\t\t<\/div>\n\t\t\t\t<div class=\"elementor-element elementor-element-385232a sc_fly_static elementor-widget elementor-widget-text-editor\" data-id=\"385232a\" data-element_type=\"widget\" data-widget_type=\"text-editor.default\">\n\t\t\t\t<div class=\"elementor-widget-container\">\n\t\t\t\t\t\t\t\t\t<h6>VertECO\u00ae Gr\u00fcnwand zur Abwasserbehandlung f\u00fcr Wasserwiederverwendung im Gem\u00fcse- und Gartenbau<\/h6><p>Ein naturbasiertes \u201aGr\u00fcnwand'-System, das h\u00e4usliches Abwasser vor Ort aufbereitet und f\u00fcr eine sichere landwirtschaftliche Wiederverwendung nutzbar macht. Es hilft Kleinbetrieben und Gem\u00fcseg\u00e4rtnereien, den S\u00fc\u00dfwasserbedarf zu senken und gleichzeitig N\u00e4hrstoffe f\u00fcr die Bew\u00e4sserung zur\u00fcckzugewinnen.<\/p>\t\t\t\t\t\t\t\t<\/div>\n\t\t\t\t<\/div>\n\t\t\t\t<div class=\"elementor-element elementor-element-d8fe144 sc_fly_static elementor-widget elementor-widget-spacer\" data-id=\"d8fe144\" data-element_type=\"widget\" data-widget_type=\"spacer.default\">\n\t\t\t\t<div class=\"elementor-widget-container\">\n\t\t\t\t\t\t\t<div class=\"elementor-spacer\">\n\t\t\t<div class=\"elementor-spacer-inner\"><\/div>\n\t\t<\/div>\n\t\t\t\t\t\t<\/div>\n\t\t\t\t<\/div>\n\t\t\t\t<div class=\"elementor-element elementor-element-5dfacbf sc_fly_static elementor-widget elementor-widget-trx_sc_button\" data-id=\"5dfacbf\" data-element_type=\"widget\" data-widget_type=\"trx_sc_button.default\">\n\t\t\t\t<div class=\"elementor-widget-container\">\n\t\t\t\t\t<div\tclass=\"sc_item_button sc_button_wrap\" ><a href=\"https:\/\/zenodo.org\/records\/18759431\/files\/FS2.1-01.pdf\" class=\"sc_button sc_button_slide sc_button_size_large sc_button_with_icon sc_button_icon_left color_style_link2\" target=\"_blank\"  rel=\"noopener noreferrer nofollow\"><span class=\"sc_button_icon\"><span class=\"icon-file-pdf\"><\/span><\/span><span class=\"sc_button_text sc_align_left\"><span class=\"sc_button_title\">FS2.1-01<\/span><\/span><\/a><\/div>\t\t\t\t<\/div>\n\t\t\t\t<\/div>\n\t\t\t\t<div class=\"elementor-element elementor-element-0d24de6 elementor-widget-divider--view-line sc_fly_static elementor-widget elementor-widget-divider\" data-id=\"0d24de6\" data-element_type=\"widget\" data-widget_type=\"divider.default\">\n\t\t\t\t<div class=\"elementor-widget-container\">\n\t\t\t\t\t\t\t<div class=\"elementor-divider\">\n\t\t\t<span class=\"elementor-divider-separator\">\n\t\t\t\t\t\t<\/span>\n\t\t<\/div>\n\t\t\t\t\t\t<\/div>\n\t\t\t\t<\/div>\n\t\t\t\t<\/div>\n\t\t<div class=\"elementor-element elementor-element-f7e6bfc e-con-full e-flex sc_layouts_column_icons_position_left e-con e-child\" data-id=\"f7e6bfc\" data-element_type=\"container\">\n\t\t\t\t<div class=\"elementor-element elementor-element-697b196 sc_fly_static elementor-widget elementor-widget-spacer\" data-id=\"697b196\" data-element_type=\"widget\" data-widget_type=\"spacer.default\">\n\t\t\t\t<div class=\"elementor-widget-container\">\n\t\t\t\t\t\t\t<div class=\"elementor-spacer\">\n\t\t\t<div class=\"elementor-spacer-inner\"><\/div>\n\t\t<\/div>\n\t\t\t\t\t\t<\/div>\n\t\t\t\t<\/div>\n\t\t\t\t<div class=\"elementor-element elementor-element-a6b1c36 sc_fly_static elementor-widget elementor-widget-text-editor\" data-id=\"a6b1c36\" data-element_type=\"widget\" data-widget_type=\"text-editor.default\">\n\t\t\t\t<div class=\"elementor-widget-container\">\n\t\t\t\t\t\t\t\t\t<h6>Naturbasierte Kl\u00e4rschlamm-Vererdungsbeete f\u00fcr zirkul\u00e4res Abwasser- und Bioabfallmanagement<\/h6><p>Ein naturbasiertes System, das Kl\u00e4rschlamm mithilfe bepflanzter Vererdungsbeete entw\u00e4ssert und stabilisiert. Dabei wird der Schlamm in ein n\u00e4hrstoffreiches Material umgewandelt, das eine kreislauforientierte Bodenbewirtschaftung unterst\u00fctzen und die Abh\u00e4ngigkeit von synthetischen D\u00fcngemitteln verringern kann.<\/p>\t\t\t\t\t\t\t\t<\/div>\n\t\t\t\t<\/div>\n\t\t\t\t<div class=\"elementor-element elementor-element-43f2938 sc_fly_static elementor-widget elementor-widget-spacer\" data-id=\"43f2938\" data-element_type=\"widget\" data-widget_type=\"spacer.default\">\n\t\t\t\t<div class=\"elementor-widget-container\">\n\t\t\t\t\t\t\t<div class=\"elementor-spacer\">\n\t\t\t<div class=\"elementor-spacer-inner\"><\/div>\n\t\t<\/div>\n\t\t\t\t\t\t<\/div>\n\t\t\t\t<\/div>\n\t\t\t\t<div class=\"elementor-element elementor-element-2e49d06 sc_fly_static elementor-widget elementor-widget-trx_sc_button\" data-id=\"2e49d06\" data-element_type=\"widget\" data-widget_type=\"trx_sc_button.default\">\n\t\t\t\t<div class=\"elementor-widget-container\">\n\t\t\t\t\t<div\tclass=\"sc_item_button sc_button_wrap\" ><a href=\"https:\/\/zenodo.org\/records\/18767441\/files\/FS2.1-02.pdf\" class=\"sc_button sc_button_slide sc_button_size_large sc_button_with_icon sc_button_icon_left color_style_link2\" target=\"_blank\"  rel=\"noopener noreferrer nofollow\"><span class=\"sc_button_icon\"><span class=\"icon-file-pdf\"><\/span><\/span><span class=\"sc_button_text sc_align_left\"><span class=\"sc_button_title\">FS2.1-02<\/span><\/span><\/a><\/div>\t\t\t\t<\/div>\n\t\t\t\t<\/div>\n\t\t\t\t<div class=\"elementor-element elementor-element-fe51e53 elementor-widget-divider--view-line sc_fly_static elementor-widget elementor-widget-divider\" data-id=\"fe51e53\" data-element_type=\"widget\" data-widget_type=\"divider.default\">\n\t\t\t\t<div class=\"elementor-widget-container\">\n\t\t\t\t\t\t\t<div class=\"elementor-divider\">\n\t\t\t<span class=\"elementor-divider-separator\">\n\t\t\t\t\t\t<\/span>\n\t\t<\/div>\n\t\t\t\t\t\t<\/div>\n\t\t\t\t<\/div>\n\t\t\t\t<\/div>\n\t\t<div class=\"elementor-element elementor-element-14dc43d e-con-full e-flex sc_layouts_column_icons_position_left e-con e-child\" data-id=\"14dc43d\" data-element_type=\"container\">\n\t\t\t\t<div class=\"elementor-element elementor-element-d632bf0 sc_fly_static elementor-widget elementor-widget-spacer\" data-id=\"d632bf0\" data-element_type=\"widget\" data-widget_type=\"spacer.default\">\n\t\t\t\t<div class=\"elementor-widget-container\">\n\t\t\t\t\t\t\t<div class=\"elementor-spacer\">\n\t\t\t<div class=\"elementor-spacer-inner\"><\/div>\n\t\t<\/div>\n\t\t\t\t\t\t<\/div>\n\t\t\t\t<\/div>\n\t\t\t\t<div class=\"elementor-element elementor-element-eb59127 sc_fly_static elementor-widget elementor-widget-text-editor\" data-id=\"eb59127\" data-element_type=\"widget\" data-widget_type=\"text-editor.default\">\n\t\t\t\t<div class=\"elementor-widget-container\">\n\t\t\t\t\t\t\t\t\t<h6>Bodenverbesserung durch ein Kl\u00e4rschlamm-Pflanzenkohle-Gemisch das die Bodenqualit\u00e4t und Ernte-Resilienz erh\u00f6ht<\/h6><p>Diese L\u00f6sung kombiniert stabilisierten Kl\u00e4rschlamm mit Pflanzenkohle um ein qualitativ hochwertiges kompost\u00e4hnliches Bodenverbesserungsmittel zu produzieren. Dieses verbessert die Struktur und das Wasserr\u00fcckhalteverm\u00f6gen des Bodens und erh\u00f6ht die Resilienz der Pflanzen, insbesondere in mehrj\u00e4hrigen Kulturen wie Obstg\u00e4rten<\/p>\t\t\t\t\t\t\t\t<\/div>\n\t\t\t\t<\/div>\n\t\t\t\t<div class=\"elementor-element elementor-element-bcba0ec sc_fly_static elementor-widget elementor-widget-spacer\" data-id=\"bcba0ec\" data-element_type=\"widget\" data-widget_type=\"spacer.default\">\n\t\t\t\t<div class=\"elementor-widget-container\">\n\t\t\t\t\t\t\t<div class=\"elementor-spacer\">\n\t\t\t<div class=\"elementor-spacer-inner\"><\/div>\n\t\t<\/div>\n\t\t\t\t\t\t<\/div>\n\t\t\t\t<\/div>\n\t\t\t\t<div class=\"elementor-element elementor-element-671df12 sc_fly_static elementor-widget elementor-widget-trx_sc_button\" data-id=\"671df12\" data-element_type=\"widget\" data-widget_type=\"trx_sc_button.default\">\n\t\t\t\t<div class=\"elementor-widget-container\">\n\t\t\t\t\t<div\tclass=\"sc_item_button sc_button_wrap\" ><a href=\"https:\/\/zenodo.org\/records\/18767490\/files\/FS2.1-03.pdf\" class=\"sc_button sc_button_slide sc_button_size_large sc_button_with_icon sc_button_icon_left color_style_link2\" target=\"_blank\"  rel=\"noopener noreferrer nofollow\"><span class=\"sc_button_icon\"><span class=\"icon-file-pdf\"><\/span><\/span><span class=\"sc_button_text sc_align_left\"><span class=\"sc_button_title\">FS2.1-03<\/span><\/span><\/a><\/div>\t\t\t\t<\/div>\n\t\t\t\t<\/div>\n\t\t\t\t<div class=\"elementor-element elementor-element-a242838 elementor-widget-divider--view-line sc_fly_static elementor-widget elementor-widget-divider\" data-id=\"a242838\" data-element_type=\"widget\" data-widget_type=\"divider.default\">\n\t\t\t\t<div class=\"elementor-widget-container\">\n\t\t\t\t\t\t\t<div class=\"elementor-divider\">\n\t\t\t<span class=\"elementor-divider-separator\">\n\t\t\t\t\t\t<\/span>\n\t\t<\/div>\n\t\t\t\t\t\t<\/div>\n\t\t\t\t<\/div>\n\t\t\t\t<\/div>\n\t\t<div class=\"elementor-element elementor-element-3e3bc59 e-con-full e-flex sc_layouts_column_icons_position_left e-con e-child\" data-id=\"3e3bc59\" data-element_type=\"container\">\n\t\t\t\t<div class=\"elementor-element elementor-element-e0f791a sc_fly_static elementor-widget elementor-widget-spacer\" data-id=\"e0f791a\" data-element_type=\"widget\" data-widget_type=\"spacer.default\">\n\t\t\t\t<div class=\"elementor-widget-container\">\n\t\t\t\t\t\t\t<div class=\"elementor-spacer\">\n\t\t\t<div class=\"elementor-spacer-inner\"><\/div>\n\t\t<\/div>\n\t\t\t\t\t\t<\/div>\n\t\t\t\t<\/div>\n\t\t\t\t<div class=\"elementor-element elementor-element-ee09727 sc_fly_static elementor-widget elementor-widget-text-editor\" data-id=\"ee09727\" data-element_type=\"widget\" data-widget_type=\"text-editor.default\">\n\t\t\t\t<div class=\"elementor-widget-container\">\n\t\t\t\t\t\t\t\t\t<h6>Gereinigtes kommunales Abwasser zur Wiedernutzung in landwirtschaftlicher Bew\u00e4sserung<\/h6><p>Ein betrieblicher Wiederverwendungsansatz, der Bew\u00e4sserungswasser aus behandeltem kommunalem Abwasser bereitstellt \u2013 in der Regel mit Vor-Ort-Speicherung und einem Desinfektionsschritt (z. B. UV). Er erh\u00f6ht die Bew\u00e4sserungssicherheit in wasserarmen Regionen und kann den Druck auf S\u00fc\u00dfwasserressourcen verringern.<\/p>\t\t\t\t\t\t\t\t<\/div>\n\t\t\t\t<\/div>\n\t\t\t\t<div class=\"elementor-element elementor-element-256269a sc_fly_static elementor-widget elementor-widget-spacer\" data-id=\"256269a\" data-element_type=\"widget\" data-widget_type=\"spacer.default\">\n\t\t\t\t<div class=\"elementor-widget-container\">\n\t\t\t\t\t\t\t<div class=\"elementor-spacer\">\n\t\t\t<div class=\"elementor-spacer-inner\"><\/div>\n\t\t<\/div>\n\t\t\t\t\t\t<\/div>\n\t\t\t\t<\/div>\n\t\t\t\t<div class=\"elementor-element elementor-element-66f4723 sc_fly_static elementor-widget elementor-widget-trx_sc_button\" data-id=\"66f4723\" data-element_type=\"widget\" data-widget_type=\"trx_sc_button.default\">\n\t\t\t\t<div class=\"elementor-widget-container\">\n\t\t\t\t\t<div\tclass=\"sc_item_button sc_button_wrap\" ><a href=\"https:\/\/zenodo.org\/records\/18767668\/files\/FS2.1-04.pdf\" class=\"sc_button sc_button_slide sc_button_size_large sc_button_with_icon sc_button_icon_left color_style_link2\" target=\"_blank\"  rel=\"noopener noreferrer nofollow\"><span class=\"sc_button_icon\"><span class=\"icon-file-pdf\"><\/span><\/span><span class=\"sc_button_text sc_align_left\"><span class=\"sc_button_title\">FS2.1-04<\/span><\/span><\/a><\/div>\t\t\t\t<\/div>\n\t\t\t\t<\/div>\n\t\t\t\t<div class=\"elementor-element elementor-element-01a4771 elementor-widget-divider--view-line sc_fly_static elementor-widget elementor-widget-divider\" data-id=\"01a4771\" data-element_type=\"widget\" data-widget_type=\"divider.default\">\n\t\t\t\t<div class=\"elementor-widget-container\">\n\t\t\t\t\t\t\t<div class=\"elementor-divider\">\n\t\t\t<span class=\"elementor-divider-separator\">\n\t\t\t\t\t\t<\/span>\n\t\t<\/div>\n\t\t\t\t\t\t<\/div>\n\t\t\t\t<\/div>\n\t\t\t\t<\/div>\n\t\t\t\t<\/div>\n\t\t\t\t\t<\/div>\n\t\t\t\t<\/div>\n\t\t\t\t<section class=\"elementor-section elementor-top-section elementor-element elementor-element-fd93e6d elementor-section-boxed elementor-section-height-default elementor-section-height-default sc_fly_static\" data-id=\"fd93e6d\" data-element_type=\"section\">\n\t\t\t\t\t\t<div class=\"elementor-container elementor-column-gap-extended\">\n\t\t\t\t\t<div class=\"elementor-column elementor-col-100 elementor-top-column elementor-element elementor-element-9f360eb sc_content_align_inherit sc_layouts_column_icons_position_left sc_fly_static\" data-id=\"9f360eb\" data-element_type=\"column\">\n\t\t\t<div class=\"elementor-widget-wrap elementor-element-populated\">\n\t\t\t\t\t\t<div class=\"elementor-element elementor-element-b6da2b4 sc_layouts_hide_on_notebook sc_layouts_hide_on_tablet sc_layouts_hide_on_mobile sc_fly_static elementor-widget elementor-widget-spacer\" data-id=\"b6da2b4\" data-element_type=\"widget\" data-widget_type=\"spacer.default\">\n\t\t\t\t<div class=\"elementor-widget-container\">\n\t\t\t\t\t\t\t<div class=\"elementor-spacer\">\n\t\t\t<div class=\"elementor-spacer-inner\"><\/div>\n\t\t<\/div>\n\t\t\t\t\t\t<\/div>\n\t\t\t\t<\/div>\n\t\t\t\t\t<\/div>\n\t\t<\/div>\n\t\t\t\t\t<\/div>\n\t\t<\/section>\n\t\t\t\t<\/div>","protected":false},"excerpt":{"rendered":"<p># GEORGIA TECHNOLOGIES Wastewater and nutrients reuse Treated wastewater is an often-overlooked resource that can play a key role in making agriculture more resilient to water scarcity and climate stress.&hellip;<\/p>","protected":false},"author":1,"featured_media":0,"parent":10219,"menu_order":3,"comment_status":"closed","ping_status":"closed","template":"","meta":{"iawp_total_views":109,"footnotes":""},"class_list":["post-10291","page","type-page","status-publish","hentry"],"_links":{"self":[{"href":"https:\/\/georgia-horizon.eu\/de\/wp-json\/wp\/v2\/pages\/10291","targetHints":{"allow":["GET"]}}],"collection":[{"href":"https:\/\/georgia-horizon.eu\/de\/wp-json\/wp\/v2\/pages"}],"about":[{"href":"https:\/\/georgia-horizon.eu\/de\/wp-json\/wp\/v2\/types\/page"}],"author":[{"embeddable":true,"href":"https:\/\/georgia-horizon.eu\/de\/wp-json\/wp\/v2\/users\/1"}],"replies":[{"embeddable":true,"href":"https:\/\/georgia-horizon.eu\/de\/wp-json\/wp\/v2\/comments?post=10291"}],"version-history":[{"count":50,"href":"https:\/\/georgia-horizon.eu\/de\/wp-json\/wp\/v2\/pages\/10291\/revisions"}],"predecessor-version":[{"id":10452,"href":"https:\/\/georgia-horizon.eu\/de\/wp-json\/wp\/v2\/pages\/10291\/revisions\/10452"}],"up":[{"embeddable":true,"href":"https:\/\/georgia-horizon.eu\/de\/wp-json\/wp\/v2\/pages\/10219"}],"wp:attachment":[{"href":"https:\/\/georgia-horizon.eu\/de\/wp-json\/wp\/v2\/media?parent=10291"}],"curies":[{"name":"wp","href":"https:\/\/api.w.org\/{rel}","templated":true}]}}